      {"id":5899,"date":"2020-06-23T00:00:11","date_gmt":"2020-06-22T23:00:11","guid":{"rendered":"https:\/\/www.vialivre.pt\/?page_id=5899"},"modified":"2023-01-09T09:48:31","modified_gmt":"2023-01-09T09:48:31","slug":"satelise","status":"publish","type":"page","link":"https:\/\/www.vialivre.pt\/es\/como-funciona\/metodos-de-pago\/matriculas-portuguesas\/satelise\/","title":{"rendered":"Satelise"},"content":{"rendered":"","protected":false},"excerpt":{"rendered":"","protected":false},"author":1,"featured_media":0,"parent":7919,"menu_order":0,"comment_status":"closed","ping_status":"closed","template":"template-level_n.php","meta":{"_acf_changed":false,"footnotes":""},"class_list":["post-5899","page","type-page","status-publish","hentry"],"acf":[],"yoast_head":"<!-- This site is optimized with the Yoast SEO plugin v27.5 - https:\/\/yoast.com\/product\/yoast-seo-wordpress\/ -->\n<title>Paga tus viajes con tu m\u00f3vil<\/title>\n<meta name=\"description\" content=\"APP, en versi\u00f3n piloto, que permite el pago por uso de cualquier v\u00eda mediante un smartphone. Est\u00e1 basada en el geoposicionamiento GPS, cruzando la localizaci\u00f3n geogr\u00e1fica del usuario dentro de la infraestructura.\" \/>\n<meta name=\"robots\" content=\"index, follow, max-snippet:-1, max-image-preview:large, max-video-preview:-1\" \/>\n<link rel=\"canonical\" href=\"https:\/\/www.vialivre.pt\/es\/como-funciona\/metodos-de-pago\/matriculas-portuguesas\/satelise\/\" \/>\n<meta property=\"og:locale\" content=\"es_ES\" \/>\n<meta property=\"og:type\" content=\"article\" \/>\n<meta property=\"og:title\" content=\"Paga tus viajes con tu m\u00f3vil\" \/>\n<meta property=\"og:description\" content=\"APP, en versi\u00f3n piloto, que permite el pago por uso de cualquier v\u00eda mediante un smartphone. Est\u00e1 basada en el geoposicionamiento GPS, cruzando la localizaci\u00f3n geogr\u00e1fica del usuario dentro de la infraestructura.\" \/>\n<meta property=\"og:url\" content=\"https:\/\/www.vialivre.pt\/es\/como-funciona\/metodos-de-pago\/matriculas-portuguesas\/satelise\/\" \/>\n<meta property=\"og:site_name\" content=\"Vialivre\" \/>\n<meta property=\"article:modified_time\" content=\"2023-01-09T09:48:31+00:00\" \/>\n<meta name=\"twitter:card\" content=\"summary_large_image\" \/>\n<script type=\"application\/ld+json\" class=\"yoast-schema-graph\">{\"@context\":\"https:\\\/\\\/schema.org\",\"@graph\":[{\"@type\":\"WebPage\",\"@id\":\"https:\\\/\\\/www.vialivre.pt\\\/es\\\/como-funciona\\\/metodos-de-pago\\\/matriculas-portuguesas\\\/satelise\\\/\",\"url\":\"https:\\\/\\\/www.vialivre.pt\\\/es\\\/como-funciona\\\/metodos-de-pago\\\/matriculas-portuguesas\\\/satelise\\\/\",\"name\":\"Paga tus viajes con tu m\u00f3vil\",\"isPartOf\":{\"@id\":\"https:\\\/\\\/www.vialivre.pt\\\/es\\\/#website\"},\"datePublished\":\"2020-06-22T23:00:11+00:00\",\"dateModified\":\"2023-01-09T09:48:31+00:00\",\"description\":\"APP, en versi\u00f3n piloto, que permite el pago por uso de cualquier v\u00eda mediante un smartphone. Est\u00e1 basada en el geoposicionamiento GPS, cruzando la localizaci\u00f3n geogr\u00e1fica del usuario dentro de la infraestructura.\",\"breadcrumb\":{\"@id\":\"https:\\\/\\\/www.vialivre.pt\\\/es\\\/como-funciona\\\/metodos-de-pago\\\/matriculas-portuguesas\\\/satelise\\\/#breadcrumb\"},\"inLanguage\":\"es\",\"potentialAction\":[{\"@type\":\"ReadAction\",\"target\":[\"https:\\\/\\\/www.vialivre.pt\\\/es\\\/como-funciona\\\/metodos-de-pago\\\/matriculas-portuguesas\\\/satelise\\\/\"]}]},{\"@type\":\"BreadcrumbList\",\"@id\":\"https:\\\/\\\/www.vialivre.pt\\\/es\\\/como-funciona\\\/metodos-de-pago\\\/matriculas-portuguesas\\\/satelise\\\/#breadcrumb\",\"itemListElement\":[{\"@type\":\"ListItem\",\"position\":1,\"name\":\"Home\",\"item\":\"https:\\\/\\\/www.vialivre.pt\\\/es\\\/\"},{\"@type\":\"ListItem\",\"position\":2,\"name\":\"\u00bfC\u00f3mo funciona?\",\"item\":\"https:\\\/\\\/www.vialivre.pt\\\/es\\\/como-funciona\\\/\"},{\"@type\":\"ListItem\",\"position\":3,\"name\":\"M\u00e9todos de pago\",\"item\":\"https:\\\/\\\/www.vialivre.pt\\\/es\\\/como-funciona\\\/metodos-de-pago\\\/\"},{\"@type\":\"ListItem\",\"position\":4,\"name\":\"Matr\u00edculas portuguesas\",\"item\":\"https:\\\/\\\/www.vialivre.pt\\\/es\\\/como-funciona\\\/metodos-de-pago\\\/matriculas-portuguesas\\\/\"},{\"@type\":\"ListItem\",\"position\":5,\"name\":\"Satelise\"}]},{\"@type\":\"WebSite\",\"@id\":\"https:\\\/\\\/www.vialivre.pt\\\/es\\\/#website\",\"url\":\"https:\\\/\\\/www.vialivre.pt\\\/es\\\/\",\"name\":\"Vialivre\",\"description\":\"Vialivre\",\"potentialAction\":[{\"@type\":\"SearchAction\",\"target\":{\"@type\":\"EntryPoint\",\"urlTemplate\":\"https:\\\/\\\/www.vialivre.pt\\\/es\\\/?s={search_term_string}\"},\"query-input\":{\"@type\":\"PropertyValueSpecification\",\"valueRequired\":true,\"valueName\":\"search_term_string\"}}],\"inLanguage\":\"es\"}]}<\/script>\n<!-- \/ Yoast SEO plugin. -->","yoast_head_json":{"title":"Paga tus viajes con tu m\u00f3vil","description":"APP, en versi\u00f3n piloto, que permite el pago por uso de cualquier v\u00eda mediante un smartphone. Est\u00e1 basada en el geoposicionamiento GPS, cruzando la localizaci\u00f3n geogr\u00e1fica del usuario dentro de la infraestructura.","robots":{"index":"index","follow":"follow","max-snippet":"max-snippet:-1","max-image-preview":"max-image-preview:large","max-video-preview":"max-video-preview:-1"},"canonical":"https:\/\/www.vialivre.pt\/es\/como-funciona\/metodos-de-pago\/matriculas-portuguesas\/satelise\/","og_locale":"es_ES","og_type":"article","og_title":"Paga tus viajes con tu m\u00f3vil","og_description":"APP, en versi\u00f3n piloto, que permite el pago por uso de cualquier v\u00eda mediante un smartphone. Est\u00e1 basada en el geoposicionamiento GPS, cruzando la localizaci\u00f3n geogr\u00e1fica del usuario dentro de la infraestructura.","og_url":"https:\/\/www.vialivre.pt\/es\/como-funciona\/metodos-de-pago\/matriculas-portuguesas\/satelise\/","og_site_name":"Vialivre","article_modified_time":"2023-01-09T09:48:31+00:00","twitter_card":"summary_large_image","schema":{"@context":"https:\/\/schema.org","@graph":[{"@type":"WebPage","@id":"https:\/\/www.vialivre.pt\/es\/como-funciona\/metodos-de-pago\/matriculas-portuguesas\/satelise\/","url":"https:\/\/www.vialivre.pt\/es\/como-funciona\/metodos-de-pago\/matriculas-portuguesas\/satelise\/","name":"Paga tus viajes con tu m\u00f3vil","isPartOf":{"@id":"https:\/\/www.vialivre.pt\/es\/#website"},"datePublished":"2020-06-22T23:00:11+00:00","dateModified":"2023-01-09T09:48:31+00:00","description":"APP, en versi\u00f3n piloto, que permite el pago por uso de cualquier v\u00eda mediante un smartphone. Est\u00e1 basada en el geoposicionamiento GPS, cruzando la localizaci\u00f3n geogr\u00e1fica del usuario dentro de la infraestructura.","breadcrumb":{"@id":"https:\/\/www.vialivre.pt\/es\/como-funciona\/metodos-de-pago\/matriculas-portuguesas\/satelise\/#breadcrumb"},"inLanguage":"es","potentialAction":[{"@type":"ReadAction","target":["https:\/\/www.vialivre.pt\/es\/como-funciona\/metodos-de-pago\/matriculas-portuguesas\/satelise\/"]}]},{"@type":"BreadcrumbList","@id":"https:\/\/www.vialivre.pt\/es\/como-funciona\/metodos-de-pago\/matriculas-portuguesas\/satelise\/#breadcrumb","itemListElement":[{"@type":"ListItem","position":1,"name":"Home","item":"https:\/\/www.vialivre.pt\/es\/"},{"@type":"ListItem","position":2,"name":"\u00bfC\u00f3mo funciona?","item":"https:\/\/www.vialivre.pt\/es\/como-funciona\/"},{"@type":"ListItem","position":3,"name":"M\u00e9todos de pago","item":"https:\/\/www.vialivre.pt\/es\/como-funciona\/metodos-de-pago\/"},{"@type":"ListItem","position":4,"name":"Matr\u00edculas portuguesas","item":"https:\/\/www.vialivre.pt\/es\/como-funciona\/metodos-de-pago\/matriculas-portuguesas\/"},{"@type":"ListItem","position":5,"name":"Satelise"}]},{"@type":"WebSite","@id":"https:\/\/www.vialivre.pt\/es\/#website","url":"https:\/\/www.vialivre.pt\/es\/","name":"Vialivre","description":"Vialivre","potentialAction":[{"@type":"SearchAction","target":{"@type":"EntryPoint","urlTemplate":"https:\/\/www.vialivre.pt\/es\/?s={search_term_string}"},"query-input":{"@type":"PropertyValueSpecification","valueRequired":true,"valueName":"search_term_string"}}],"inLanguage":"es"}]}},"_links":{"self":[{"href":"https:\/\/www.vialivre.pt\/es\/wp-json\/wp\/v2\/pages\/5899","targetHints":{"allow":["GET"]}}],"collection":[{"href":"https:\/\/www.vialivre.pt\/es\/wp-json\/wp\/v2\/pages"}],"about":[{"href":"https:\/\/www.vialivre.pt\/es\/wp-json\/wp\/v2\/types\/page"}],"author":[{"embeddable":true,"href":"https:\/\/www.vialivre.pt\/es\/wp-json\/wp\/v2\/users\/1"}],"replies":[{"embeddable":true,"href":"https:\/\/www.vialivre.pt\/es\/wp-json\/wp\/v2\/comments?post=5899"}],"version-history":[{"count":49,"href":"https:\/\/www.vialivre.pt\/es\/wp-json\/wp\/v2\/pages\/5899\/revisions"}],"predecessor-version":[{"id":12996,"href":"https:\/\/www.vialivre.pt\/es\/wp-json\/wp\/v2\/pages\/5899\/revisions\/12996"}],"up":[{"embeddable":true,"href":"https:\/\/www.vialivre.pt\/es\/wp-json\/wp\/v2\/pages\/7919"}],"wp:attachment":[{"href":"https:\/\/www.vialivre.pt\/es\/wp-json\/wp\/v2\/media?parent=5899"}],"curies":[{"name":"wp","href":"https:\/\/api.w.org\/{rel}","templated":true}]}}