      {"id":6700,"date":"2019-11-06T10:32:40","date_gmt":"2019-11-06T10:32:40","guid":{"rendered":"https:\/\/www.vialivre.pt\/?page_id=6700"},"modified":"2020-04-17T12:08:47","modified_gmt":"2020-04-17T12:08:47","slug":"formulario-de-contacto","status":"publish","type":"page","link":"https:\/\/www.vialivre.pt\/es\/contacto\/formulario-de-contacto\/","title":{"rendered":"Formulario de contacto"},"content":{"rendered":"","protected":false},"excerpt":{"rendered":"","protected":false},"featured_media":0,"parent":5814,"menu_order":0,"comment_status":"closed","ping_status":"closed","template":"template-level_3.php","meta":{"_acf_changed":false,"footnotes":""},"class_list":["post-6700","page","type-page","status-publish","hentry"],"acf":[],"yoast_head":"<!-- This site is optimized with the Yoast SEO plugin v27.2 - https:\/\/yoast.com\/product\/yoast-seo-wordpress\/ -->\n<title>Consulta nuestros formularios<\/title>\n<meta name=\"description\" content=\"Los formularios contienen toda la informaci\u00f3n necesaria para que nuestros usuarios reuslevan todas sus dudas frecuentes. Selecciona la opci\u00f3n que m\u00e1s se ajusta a tu situaci\u00f3n y te derivaremos al departamento responsable para que puedan ayudarte cuanto antes.\" \/>\n<meta name=\"robots\" content=\"index, follow, max-snippet:-1, max-image-preview:large, max-video-preview:-1\" \/>\n<link rel=\"canonical\" href=\"https:\/\/www.vialivre.pt\/es\/contacto\/formulario-de-contacto\/\" \/>\n<meta property=\"og:locale\" content=\"es_ES\" \/>\n<meta property=\"og:type\" content=\"article\" \/>\n<meta property=\"og:title\" content=\"Consulta nuestros formularios\" \/>\n<meta property=\"og:description\" content=\"Los formularios contienen toda la informaci\u00f3n necesaria para que nuestros usuarios reuslevan todas sus dudas frecuentes. Selecciona la opci\u00f3n que m\u00e1s se ajusta a tu situaci\u00f3n y te derivaremos al departamento responsable para que puedan ayudarte cuanto antes.\" \/>\n<meta property=\"og:url\" content=\"https:\/\/www.vialivre.pt\/es\/contacto\/formulario-de-contacto\/\" \/>\n<meta property=\"og:site_name\" content=\"Vialivre\" \/>\n<meta property=\"article:modified_time\" content=\"2020-04-17T12:08:47+00:00\" \/>\n<meta name=\"twitter:card\" content=\"summary_large_image\" \/>\n<script type=\"application\/ld+json\" class=\"yoast-schema-graph\">{\"@context\":\"https:\/\/schema.org\",\"@graph\":[{\"@type\":\"WebPage\",\"@id\":\"https:\/\/www.vialivre.pt\/es\/contacto\/formulario-de-contacto\/\",\"url\":\"https:\/\/www.vialivre.pt\/es\/contacto\/formulario-de-contacto\/\",\"name\":\"Consulta nuestros formularios\",\"isPartOf\":{\"@id\":\"https:\/\/www.vialivre.pt\/es\/#website\"},\"datePublished\":\"2019-11-06T10:32:40+00:00\",\"dateModified\":\"2020-04-17T12:08:47+00:00\",\"description\":\"Los formularios contienen toda la informaci\u00f3n necesaria para que nuestros usuarios reuslevan todas sus dudas frecuentes. Selecciona la opci\u00f3n que m\u00e1s se ajusta a tu situaci\u00f3n y te derivaremos al departamento responsable para que puedan ayudarte cuanto antes.\",\"breadcrumb\":{\"@id\":\"https:\/\/www.vialivre.pt\/es\/contacto\/formulario-de-contacto\/#breadcrumb\"},\"inLanguage\":\"es\",\"potentialAction\":[{\"@type\":\"ReadAction\",\"target\":[\"https:\/\/www.vialivre.pt\/es\/contacto\/formulario-de-contacto\/\"]}]},{\"@type\":\"BreadcrumbList\",\"@id\":\"https:\/\/www.vialivre.pt\/es\/contacto\/formulario-de-contacto\/#breadcrumb\",\"itemListElement\":[{\"@type\":\"ListItem\",\"position\":1,\"name\":\"Home\",\"item\":\"https:\/\/www.vialivre.pt\/es\/\"},{\"@type\":\"ListItem\",\"position\":2,\"name\":\"Atenci\u00f3n al Cliente\",\"item\":\"https:\/\/www.vialivre.pt\/es\/contacto\/\"},{\"@type\":\"ListItem\",\"position\":3,\"name\":\"Formulario de contacto\"}]},{\"@type\":\"WebSite\",\"@id\":\"https:\/\/www.vialivre.pt\/es\/#website\",\"url\":\"https:\/\/www.vialivre.pt\/es\/\",\"name\":\"Vialivre\",\"description\":\"Vialivre\",\"potentialAction\":[{\"@type\":\"SearchAction\",\"target\":{\"@type\":\"EntryPoint\",\"urlTemplate\":\"https:\/\/www.vialivre.pt\/es\/?s={search_term_string}\"},\"query-input\":{\"@type\":\"PropertyValueSpecification\",\"valueRequired\":true,\"valueName\":\"search_term_string\"}}],\"inLanguage\":\"es\"}]}<\/script>\n<!-- \/ Yoast SEO plugin. -->","yoast_head_json":{"title":"Consulta nuestros formularios","description":"Los formularios contienen toda la informaci\u00f3n necesaria para que nuestros usuarios reuslevan todas sus dudas frecuentes. Selecciona la opci\u00f3n que m\u00e1s se ajusta a tu situaci\u00f3n y te derivaremos al departamento responsable para que puedan ayudarte cuanto antes.","robots":{"index":"index","follow":"follow","max-snippet":"max-snippet:-1","max-image-preview":"max-image-preview:large","max-video-preview":"max-video-preview:-1"},"canonical":"https:\/\/www.vialivre.pt\/es\/contacto\/formulario-de-contacto\/","og_locale":"es_ES","og_type":"article","og_title":"Consulta nuestros formularios","og_description":"Los formularios contienen toda la informaci\u00f3n necesaria para que nuestros usuarios reuslevan todas sus dudas frecuentes. Selecciona la opci\u00f3n que m\u00e1s se ajusta a tu situaci\u00f3n y te derivaremos al departamento responsable para que puedan ayudarte cuanto antes.","og_url":"https:\/\/www.vialivre.pt\/es\/contacto\/formulario-de-contacto\/","og_site_name":"Vialivre","article_modified_time":"2020-04-17T12:08:47+00:00","twitter_card":"summary_large_image","schema":{"@context":"https:\/\/schema.org","@graph":[{"@type":"WebPage","@id":"https:\/\/www.vialivre.pt\/es\/contacto\/formulario-de-contacto\/","url":"https:\/\/www.vialivre.pt\/es\/contacto\/formulario-de-contacto\/","name":"Consulta nuestros formularios","isPartOf":{"@id":"https:\/\/www.vialivre.pt\/es\/#website"},"datePublished":"2019-11-06T10:32:40+00:00","dateModified":"2020-04-17T12:08:47+00:00","description":"Los formularios contienen toda la informaci\u00f3n necesaria para que nuestros usuarios reuslevan todas sus dudas frecuentes. Selecciona la opci\u00f3n que m\u00e1s se ajusta a tu situaci\u00f3n y te derivaremos al departamento responsable para que puedan ayudarte cuanto antes.","breadcrumb":{"@id":"https:\/\/www.vialivre.pt\/es\/contacto\/formulario-de-contacto\/#breadcrumb"},"inLanguage":"es","potentialAction":[{"@type":"ReadAction","target":["https:\/\/www.vialivre.pt\/es\/contacto\/formulario-de-contacto\/"]}]},{"@type":"BreadcrumbList","@id":"https:\/\/www.vialivre.pt\/es\/contacto\/formulario-de-contacto\/#breadcrumb","itemListElement":[{"@type":"ListItem","position":1,"name":"Home","item":"https:\/\/www.vialivre.pt\/es\/"},{"@type":"ListItem","position":2,"name":"Atenci\u00f3n al Cliente","item":"https:\/\/www.vialivre.pt\/es\/contacto\/"},{"@type":"ListItem","position":3,"name":"Formulario de contacto"}]},{"@type":"WebSite","@id":"https:\/\/www.vialivre.pt\/es\/#website","url":"https:\/\/www.vialivre.pt\/es\/","name":"Vialivre","description":"Vialivre","potentialAction":[{"@type":"SearchAction","target":{"@type":"EntryPoint","urlTemplate":"https:\/\/www.vialivre.pt\/es\/?s={search_term_string}"},"query-input":{"@type":"PropertyValueSpecification","valueRequired":true,"valueName":"search_term_string"}}],"inLanguage":"es"}]}},"_links":{"self":[{"href":"https:\/\/www.vialivre.pt\/es\/wp-json\/wp\/v2\/pages\/6700","targetHints":{"allow":["GET"]}}],"collection":[{"href":"https:\/\/www.vialivre.pt\/es\/wp-json\/wp\/v2\/pages"}],"about":[{"href":"https:\/\/www.vialivre.pt\/es\/wp-json\/wp\/v2\/types\/page"}],"replies":[{"embeddable":true,"href":"https:\/\/www.vialivre.pt\/es\/wp-json\/wp\/v2\/comments?post=6700"}],"version-history":[{"count":16,"href":"https:\/\/www.vialivre.pt\/es\/wp-json\/wp\/v2\/pages\/6700\/revisions"}],"predecessor-version":[{"id":11673,"href":"https:\/\/www.vialivre.pt\/es\/wp-json\/wp\/v2\/pages\/6700\/revisions\/11673"}],"up":[{"embeddable":true,"href":"https:\/\/www.vialivre.pt\/es\/wp-json\/wp\/v2\/pages\/5814"}],"wp:attachment":[{"href":"https:\/\/www.vialivre.pt\/es\/wp-json\/wp\/v2\/media?parent=6700"}],"curies":[{"name":"wp","href":"https:\/\/api.w.org\/{rel}","templated":true}]}}