      {"id":7919,"date":"2020-01-07T15:59:15","date_gmt":"2020-01-07T15:59:15","guid":{"rendered":"https:\/\/www.vialivre.pt\/?page_id=7919"},"modified":"2020-10-12T09:52:07","modified_gmt":"2020-10-12T08:52:07","slug":"matriculas-portuguesas","status":"publish","type":"page","link":"https:\/\/www.vialivre.pt\/es\/como-funciona\/metodos-de-pago\/matriculas-portuguesas\/","title":{"rendered":"Matr\u00edculas portuguesas"},"content":{"rendered":"","protected":false},"excerpt":{"rendered":"","protected":false},"author":1,"featured_media":0,"parent":5895,"menu_order":0,"comment_status":"closed","ping_status":"closed","template":"template-level_3.php","meta":{"_acf_changed":false,"footnotes":""},"class_list":["post-7919","page","type-page","status-publish","hentry"],"acf":[],"yoast_head":"<!-- This site is optimized with the Yoast SEO plugin v27.5 - https:\/\/yoast.com\/product\/yoast-seo-wordpress\/ -->\n<title>Pago de los peajes para veh\u00edculos con matr\u00edcula portuguesa<\/title>\n<meta name=\"description\" content=\"Si tu veh\u00edculo posee una matr\u00edcula portuguesa puedes pagar con estos m\u00e9todos de pago: Via Verde Portugal, CTT - Pospago de peaje, Satelise o Paytolls\" \/>\n<meta name=\"robots\" content=\"noindex, follow\" \/>\n<meta property=\"og:locale\" content=\"es_ES\" \/>\n<meta property=\"og:type\" content=\"article\" \/>\n<meta property=\"og:title\" content=\"Pago de los peajes para veh\u00edculos con matr\u00edcula portuguesa\" \/>\n<meta property=\"og:description\" content=\"Si tu veh\u00edculo posee una matr\u00edcula portuguesa puedes pagar con estos m\u00e9todos de pago: Via Verde Portugal, CTT - Pospago de peaje, Satelise o Paytolls\" \/>\n<meta property=\"og:url\" content=\"https:\/\/www.vialivre.pt\/es\/como-funciona\/metodos-de-pago\/matriculas-portuguesas\/\" \/>\n<meta property=\"og:site_name\" content=\"Vialivre\" \/>\n<meta property=\"article:modified_time\" content=\"2020-10-12T08:52:07+00:00\" \/>\n<meta name=\"twitter:card\" content=\"summary_large_image\" \/>\n<script type=\"application\/ld+json\" class=\"yoast-schema-graph\">{\"@context\":\"https:\\\/\\\/schema.org\",\"@graph\":[{\"@type\":\"WebPage\",\"@id\":\"https:\\\/\\\/www.vialivre.pt\\\/es\\\/como-funciona\\\/metodos-de-pago\\\/matriculas-portuguesas\\\/\",\"url\":\"https:\\\/\\\/www.vialivre.pt\\\/es\\\/como-funciona\\\/metodos-de-pago\\\/matriculas-portuguesas\\\/\",\"name\":\"Pago de los peajes para veh\u00edculos con matr\u00edcula portuguesa\",\"isPartOf\":{\"@id\":\"https:\\\/\\\/www.vialivre.pt\\\/es\\\/#website\"},\"datePublished\":\"2020-01-07T15:59:15+00:00\",\"dateModified\":\"2020-10-12T08:52:07+00:00\",\"description\":\"Si tu veh\u00edculo posee una matr\u00edcula portuguesa puedes pagar con estos m\u00e9todos de pago: Via Verde Portugal, CTT - Pospago de peaje, Satelise o Paytolls\",\"breadcrumb\":{\"@id\":\"https:\\\/\\\/www.vialivre.pt\\\/es\\\/como-funciona\\\/metodos-de-pago\\\/matriculas-portuguesas\\\/#breadcrumb\"},\"inLanguage\":\"es\",\"potentialAction\":[{\"@type\":\"ReadAction\",\"target\":[\"https:\\\/\\\/www.vialivre.pt\\\/es\\\/como-funciona\\\/metodos-de-pago\\\/matriculas-portuguesas\\\/\"]}]},{\"@type\":\"BreadcrumbList\",\"@id\":\"https:\\\/\\\/www.vialivre.pt\\\/es\\\/como-funciona\\\/metodos-de-pago\\\/matriculas-portuguesas\\\/#breadcrumb\",\"itemListElement\":[{\"@type\":\"ListItem\",\"position\":1,\"name\":\"Home\",\"item\":\"https:\\\/\\\/www.vialivre.pt\\\/es\\\/\"},{\"@type\":\"ListItem\",\"position\":2,\"name\":\"\u00bfC\u00f3mo funciona?\",\"item\":\"https:\\\/\\\/www.vialivre.pt\\\/es\\\/como-funciona\\\/\"},{\"@type\":\"ListItem\",\"position\":3,\"name\":\"M\u00e9todos de pago\",\"item\":\"https:\\\/\\\/www.vialivre.pt\\\/es\\\/como-funciona\\\/metodos-de-pago\\\/\"},{\"@type\":\"ListItem\",\"position\":4,\"name\":\"Matr\u00edculas portuguesas\"}]},{\"@type\":\"WebSite\",\"@id\":\"https:\\\/\\\/www.vialivre.pt\\\/es\\\/#website\",\"url\":\"https:\\\/\\\/www.vialivre.pt\\\/es\\\/\",\"name\":\"Vialivre\",\"description\":\"Vialivre\",\"potentialAction\":[{\"@type\":\"SearchAction\",\"target\":{\"@type\":\"EntryPoint\",\"urlTemplate\":\"https:\\\/\\\/www.vialivre.pt\\\/es\\\/?s={search_term_string}\"},\"query-input\":{\"@type\":\"PropertyValueSpecification\",\"valueRequired\":true,\"valueName\":\"search_term_string\"}}],\"inLanguage\":\"es\"}]}<\/script>\n<!-- \/ Yoast SEO plugin. -->","yoast_head_json":{"title":"Pago de los peajes para veh\u00edculos con matr\u00edcula portuguesa","description":"Si tu veh\u00edculo posee una matr\u00edcula portuguesa puedes pagar con estos m\u00e9todos de pago: Via Verde Portugal, CTT - Pospago de peaje, Satelise o Paytolls","robots":{"index":"noindex","follow":"follow"},"og_locale":"es_ES","og_type":"article","og_title":"Pago de los peajes para veh\u00edculos con matr\u00edcula portuguesa","og_description":"Si tu veh\u00edculo posee una matr\u00edcula portuguesa puedes pagar con estos m\u00e9todos de pago: Via Verde Portugal, CTT - Pospago de peaje, Satelise o Paytolls","og_url":"https:\/\/www.vialivre.pt\/es\/como-funciona\/metodos-de-pago\/matriculas-portuguesas\/","og_site_name":"Vialivre","article_modified_time":"2020-10-12T08:52:07+00:00","twitter_card":"summary_large_image","schema":{"@context":"https:\/\/schema.org","@graph":[{"@type":"WebPage","@id":"https:\/\/www.vialivre.pt\/es\/como-funciona\/metodos-de-pago\/matriculas-portuguesas\/","url":"https:\/\/www.vialivre.pt\/es\/como-funciona\/metodos-de-pago\/matriculas-portuguesas\/","name":"Pago de los peajes para veh\u00edculos con matr\u00edcula portuguesa","isPartOf":{"@id":"https:\/\/www.vialivre.pt\/es\/#website"},"datePublished":"2020-01-07T15:59:15+00:00","dateModified":"2020-10-12T08:52:07+00:00","description":"Si tu veh\u00edculo posee una matr\u00edcula portuguesa puedes pagar con estos m\u00e9todos de pago: Via Verde Portugal, CTT - Pospago de peaje, Satelise o Paytolls","breadcrumb":{"@id":"https:\/\/www.vialivre.pt\/es\/como-funciona\/metodos-de-pago\/matriculas-portuguesas\/#breadcrumb"},"inLanguage":"es","potentialAction":[{"@type":"ReadAction","target":["https:\/\/www.vialivre.pt\/es\/como-funciona\/metodos-de-pago\/matriculas-portuguesas\/"]}]},{"@type":"BreadcrumbList","@id":"https:\/\/www.vialivre.pt\/es\/como-funciona\/metodos-de-pago\/matriculas-portuguesas\/#breadcrumb","itemListElement":[{"@type":"ListItem","position":1,"name":"Home","item":"https:\/\/www.vialivre.pt\/es\/"},{"@type":"ListItem","position":2,"name":"\u00bfC\u00f3mo funciona?","item":"https:\/\/www.vialivre.pt\/es\/como-funciona\/"},{"@type":"ListItem","position":3,"name":"M\u00e9todos de pago","item":"https:\/\/www.vialivre.pt\/es\/como-funciona\/metodos-de-pago\/"},{"@type":"ListItem","position":4,"name":"Matr\u00edculas portuguesas"}]},{"@type":"WebSite","@id":"https:\/\/www.vialivre.pt\/es\/#website","url":"https:\/\/www.vialivre.pt\/es\/","name":"Vialivre","description":"Vialivre","potentialAction":[{"@type":"SearchAction","target":{"@type":"EntryPoint","urlTemplate":"https:\/\/www.vialivre.pt\/es\/?s={search_term_string}"},"query-input":{"@type":"PropertyValueSpecification","valueRequired":true,"valueName":"search_term_string"}}],"inLanguage":"es"}]}},"_links":{"self":[{"href":"https:\/\/www.vialivre.pt\/es\/wp-json\/wp\/v2\/pages\/7919","targetHints":{"allow":["GET"]}}],"collection":[{"href":"https:\/\/www.vialivre.pt\/es\/wp-json\/wp\/v2\/pages"}],"about":[{"href":"https:\/\/www.vialivre.pt\/es\/wp-json\/wp\/v2\/types\/page"}],"author":[{"embeddable":true,"href":"https:\/\/www.vialivre.pt\/es\/wp-json\/wp\/v2\/users\/1"}],"replies":[{"embeddable":true,"href":"https:\/\/www.vialivre.pt\/es\/wp-json\/wp\/v2\/comments?post=7919"}],"version-history":[{"count":13,"href":"https:\/\/www.vialivre.pt\/es\/wp-json\/wp\/v2\/pages\/7919\/revisions"}],"predecessor-version":[{"id":12420,"href":"https:\/\/www.vialivre.pt\/es\/wp-json\/wp\/v2\/pages\/7919\/revisions\/12420"}],"up":[{"embeddable":true,"href":"https:\/\/www.vialivre.pt\/es\/wp-json\/wp\/v2\/pages\/5895"}],"wp:attachment":[{"href":"https:\/\/www.vialivre.pt\/es\/wp-json\/wp\/v2\/media?parent=7919"}],"curies":[{"name":"wp","href":"https:\/\/api.w.org\/{rel}","templated":true}]}}