      {"id":7999,"date":"2020-01-08T09:45:27","date_gmt":"2020-01-08T09:45:27","guid":{"rendered":"https:\/\/www.vialivre.pt\/?page_id=7999"},"modified":"2025-03-06T15:10:06","modified_gmt":"2025-03-06T15:10:06","slug":"brigada-de-fiscalizacion","status":"publish","type":"page","link":"https:\/\/www.vialivre.pt\/es\/contacto\/brigada-de-fiscalizacion\/","title":{"rendered":"Brigada de Fiscalizaci\u00f3n"},"content":{"rendered":"","protected":false},"excerpt":{"rendered":"","protected":false},"featured_media":0,"parent":5814,"menu_order":0,"comment_status":"closed","ping_status":"closed","template":"template-level_3.php","meta":{"_acf_changed":false,"footnotes":""},"class_list":["post-7999","page","type-page","status-publish","hentry"],"acf":[],"yoast_head":"<!-- This site is optimized with the Yoast SEO plugin v27.2 - https:\/\/yoast.com\/product\/yoast-seo-wordpress\/ -->\n<title>En la autopista te ayudamos a resolver tus dudas<\/title>\n<meta name=\"description\" content=\"Si necesitas ayuda mientras circulas por la autopista, puedes contar con la Brigada de fiscalizaci\u00f3n, ellos te atender\u00e1n en las \u00e1reas de servicio \u00bfNo sabes c\u00f3mo pagar tu peaje? \u00bfTienes una notificaci\u00f3n por pagar?\" \/>\n<meta name=\"robots\" content=\"index, follow, max-snippet:-1, max-image-preview:large, max-video-preview:-1\" \/>\n<link rel=\"canonical\" href=\"https:\/\/www.vialivre.pt\/es\/contacto\/brigada-de-fiscalizacion\/\" \/>\n<meta property=\"og:locale\" content=\"es_ES\" \/>\n<meta property=\"og:type\" content=\"article\" \/>\n<meta property=\"og:title\" content=\"En la autopista te ayudamos a resolver tus dudas\" \/>\n<meta property=\"og:description\" content=\"Si necesitas ayuda mientras circulas por la autopista, puedes contar con la Brigada de fiscalizaci\u00f3n, ellos te atender\u00e1n en las \u00e1reas de servicio \u00bfNo sabes c\u00f3mo pagar tu peaje? \u00bfTienes una notificaci\u00f3n por pagar?\" \/>\n<meta property=\"og:url\" content=\"https:\/\/www.vialivre.pt\/es\/contacto\/brigada-de-fiscalizacion\/\" \/>\n<meta property=\"og:site_name\" content=\"Vialivre\" \/>\n<meta property=\"article:modified_time\" content=\"2025-03-06T15:10:06+00:00\" \/>\n<meta name=\"twitter:card\" content=\"summary_large_image\" \/>\n<script type=\"application\/ld+json\" class=\"yoast-schema-graph\">{\"@context\":\"https:\/\/schema.org\",\"@graph\":[{\"@type\":\"WebPage\",\"@id\":\"https:\/\/www.vialivre.pt\/es\/contacto\/brigada-de-fiscalizacion\/\",\"url\":\"https:\/\/www.vialivre.pt\/es\/contacto\/brigada-de-fiscalizacion\/\",\"name\":\"En la autopista te ayudamos a resolver tus dudas\",\"isPartOf\":{\"@id\":\"https:\/\/www.vialivre.pt\/es\/#website\"},\"datePublished\":\"2020-01-08T09:45:27+00:00\",\"dateModified\":\"2025-03-06T15:10:06+00:00\",\"description\":\"Si necesitas ayuda mientras circulas por la autopista, puedes contar con la Brigada de fiscalizaci\u00f3n, ellos te atender\u00e1n en las \u00e1reas de servicio \u00bfNo sabes c\u00f3mo pagar tu peaje? \u00bfTienes una notificaci\u00f3n por pagar?\",\"breadcrumb\":{\"@id\":\"https:\/\/www.vialivre.pt\/es\/contacto\/brigada-de-fiscalizacion\/#breadcrumb\"},\"inLanguage\":\"es\",\"potentialAction\":[{\"@type\":\"ReadAction\",\"target\":[\"https:\/\/www.vialivre.pt\/es\/contacto\/brigada-de-fiscalizacion\/\"]}]},{\"@type\":\"BreadcrumbList\",\"@id\":\"https:\/\/www.vialivre.pt\/es\/contacto\/brigada-de-fiscalizacion\/#breadcrumb\",\"itemListElement\":[{\"@type\":\"ListItem\",\"position\":1,\"name\":\"Home\",\"item\":\"https:\/\/www.vialivre.pt\/es\/\"},{\"@type\":\"ListItem\",\"position\":2,\"name\":\"Atenci\u00f3n al Cliente\",\"item\":\"https:\/\/www.vialivre.pt\/es\/contacto\/\"},{\"@type\":\"ListItem\",\"position\":3,\"name\":\"Brigada de Fiscalizaci\u00f3n\"}]},{\"@type\":\"WebSite\",\"@id\":\"https:\/\/www.vialivre.pt\/es\/#website\",\"url\":\"https:\/\/www.vialivre.pt\/es\/\",\"name\":\"Vialivre\",\"description\":\"Vialivre\",\"potentialAction\":[{\"@type\":\"SearchAction\",\"target\":{\"@type\":\"EntryPoint\",\"urlTemplate\":\"https:\/\/www.vialivre.pt\/es\/?s={search_term_string}\"},\"query-input\":{\"@type\":\"PropertyValueSpecification\",\"valueRequired\":true,\"valueName\":\"search_term_string\"}}],\"inLanguage\":\"es\"}]}<\/script>\n<!-- \/ Yoast SEO plugin. -->","yoast_head_json":{"title":"En la autopista te ayudamos a resolver tus dudas","description":"Si necesitas ayuda mientras circulas por la autopista, puedes contar con la Brigada de fiscalizaci\u00f3n, ellos te atender\u00e1n en las \u00e1reas de servicio \u00bfNo sabes c\u00f3mo pagar tu peaje? \u00bfTienes una notificaci\u00f3n por pagar?","robots":{"index":"index","follow":"follow","max-snippet":"max-snippet:-1","max-image-preview":"max-image-preview:large","max-video-preview":"max-video-preview:-1"},"canonical":"https:\/\/www.vialivre.pt\/es\/contacto\/brigada-de-fiscalizacion\/","og_locale":"es_ES","og_type":"article","og_title":"En la autopista te ayudamos a resolver tus dudas","og_description":"Si necesitas ayuda mientras circulas por la autopista, puedes contar con la Brigada de fiscalizaci\u00f3n, ellos te atender\u00e1n en las \u00e1reas de servicio \u00bfNo sabes c\u00f3mo pagar tu peaje? \u00bfTienes una notificaci\u00f3n por pagar?","og_url":"https:\/\/www.vialivre.pt\/es\/contacto\/brigada-de-fiscalizacion\/","og_site_name":"Vialivre","article_modified_time":"2025-03-06T15:10:06+00:00","twitter_card":"summary_large_image","schema":{"@context":"https:\/\/schema.org","@graph":[{"@type":"WebPage","@id":"https:\/\/www.vialivre.pt\/es\/contacto\/brigada-de-fiscalizacion\/","url":"https:\/\/www.vialivre.pt\/es\/contacto\/brigada-de-fiscalizacion\/","name":"En la autopista te ayudamos a resolver tus dudas","isPartOf":{"@id":"https:\/\/www.vialivre.pt\/es\/#website"},"datePublished":"2020-01-08T09:45:27+00:00","dateModified":"2025-03-06T15:10:06+00:00","description":"Si necesitas ayuda mientras circulas por la autopista, puedes contar con la Brigada de fiscalizaci\u00f3n, ellos te atender\u00e1n en las \u00e1reas de servicio \u00bfNo sabes c\u00f3mo pagar tu peaje? \u00bfTienes una notificaci\u00f3n por pagar?","breadcrumb":{"@id":"https:\/\/www.vialivre.pt\/es\/contacto\/brigada-de-fiscalizacion\/#breadcrumb"},"inLanguage":"es","potentialAction":[{"@type":"ReadAction","target":["https:\/\/www.vialivre.pt\/es\/contacto\/brigada-de-fiscalizacion\/"]}]},{"@type":"BreadcrumbList","@id":"https:\/\/www.vialivre.pt\/es\/contacto\/brigada-de-fiscalizacion\/#breadcrumb","itemListElement":[{"@type":"ListItem","position":1,"name":"Home","item":"https:\/\/www.vialivre.pt\/es\/"},{"@type":"ListItem","position":2,"name":"Atenci\u00f3n al Cliente","item":"https:\/\/www.vialivre.pt\/es\/contacto\/"},{"@type":"ListItem","position":3,"name":"Brigada de Fiscalizaci\u00f3n"}]},{"@type":"WebSite","@id":"https:\/\/www.vialivre.pt\/es\/#website","url":"https:\/\/www.vialivre.pt\/es\/","name":"Vialivre","description":"Vialivre","potentialAction":[{"@type":"SearchAction","target":{"@type":"EntryPoint","urlTemplate":"https:\/\/www.vialivre.pt\/es\/?s={search_term_string}"},"query-input":{"@type":"PropertyValueSpecification","valueRequired":true,"valueName":"search_term_string"}}],"inLanguage":"es"}]}},"_links":{"self":[{"href":"https:\/\/www.vialivre.pt\/es\/wp-json\/wp\/v2\/pages\/7999","targetHints":{"allow":["GET"]}}],"collection":[{"href":"https:\/\/www.vialivre.pt\/es\/wp-json\/wp\/v2\/pages"}],"about":[{"href":"https:\/\/www.vialivre.pt\/es\/wp-json\/wp\/v2\/types\/page"}],"replies":[{"embeddable":true,"href":"https:\/\/www.vialivre.pt\/es\/wp-json\/wp\/v2\/comments?post=7999"}],"version-history":[{"count":14,"href":"https:\/\/www.vialivre.pt\/es\/wp-json\/wp\/v2\/pages\/7999\/revisions"}],"predecessor-version":[{"id":13271,"href":"https:\/\/www.vialivre.pt\/es\/wp-json\/wp\/v2\/pages\/7999\/revisions\/13271"}],"up":[{"embeddable":true,"href":"https:\/\/www.vialivre.pt\/es\/wp-json\/wp\/v2\/pages\/5814"}],"wp:attachment":[{"href":"https:\/\/www.vialivre.pt\/es\/wp-json\/wp\/v2\/media?parent=7999"}],"curies":[{"name":"wp","href":"https:\/\/api.w.org\/{rel}","templated":true}]}}