      {"id":8056,"date":"2020-01-09T16:10:54","date_gmt":"2020-01-09T16:10:54","guid":{"rendered":"https:\/\/www.vialivre.pt\/?page_id=8056"},"modified":"2023-01-03T16:00:36","modified_gmt":"2023-01-03T16:00:36","slug":"a22-algarve","status":"publish","type":"page","link":"https:\/\/www.vialivre.pt\/es\/en-ruta\/nuestras-concesionarias-a22-a28\/a22-algarve\/","title":{"rendered":"A22 Algarve"},"content":{"rendered":"","protected":false},"excerpt":{"rendered":"","protected":false},"featured_media":0,"parent":5203,"menu_order":0,"comment_status":"closed","ping_status":"closed","template":"template-level_n.php","meta":{"_acf_changed":false,"footnotes":""},"class_list":["post-8056","page","type-page","status-publish","hentry"],"acf":[],"yoast_head":"<!-- This site is optimized with the Yoast SEO plugin v27.2 - https:\/\/yoast.com\/product\/yoast-seo-wordpress\/ -->\n<title>La autopista A22 Algarve<\/title>\n<meta name=\"description\" content=\"La autopista A22 recorre toda la regi\u00f3n del Algarve de punta a punta siendo una de las zonas m\u00e1s tur\u00edsticas de Portugal.\" \/>\n<meta name=\"robots\" content=\"noindex, follow\" \/>\n<meta property=\"og:locale\" content=\"es_ES\" \/>\n<meta property=\"og:type\" content=\"article\" \/>\n<meta property=\"og:title\" content=\"La autopista A22 Algarve\" \/>\n<meta property=\"og:description\" content=\"La autopista A22 recorre toda la regi\u00f3n del Algarve de punta a punta siendo una de las zonas m\u00e1s tur\u00edsticas de Portugal.\" \/>\n<meta property=\"og:url\" content=\"https:\/\/www.vialivre.pt\/es\/en-ruta\/nuestras-concesionarias-a22-a28\/a22-algarve\/\" \/>\n<meta property=\"og:site_name\" content=\"Vialivre\" \/>\n<meta property=\"article:modified_time\" content=\"2023-01-03T16:00:36+00:00\" \/>\n<meta name=\"twitter:card\" content=\"summary_large_image\" \/>\n<script type=\"application\/ld+json\" class=\"yoast-schema-graph\">{\"@context\":\"https:\/\/schema.org\",\"@graph\":[{\"@type\":\"WebPage\",\"@id\":\"https:\/\/www.vialivre.pt\/es\/en-ruta\/nuestras-concesionarias-a22-a28\/a22-algarve\/\",\"url\":\"https:\/\/www.vialivre.pt\/es\/en-ruta\/nuestras-concesionarias-a22-a28\/a22-algarve\/\",\"name\":\"La autopista A22 Algarve\",\"isPartOf\":{\"@id\":\"https:\/\/www.vialivre.pt\/es\/#website\"},\"datePublished\":\"2020-01-09T16:10:54+00:00\",\"dateModified\":\"2023-01-03T16:00:36+00:00\",\"description\":\"La autopista A22 recorre toda la regi\u00f3n del Algarve de punta a punta siendo una de las zonas m\u00e1s tur\u00edsticas de Portugal.\",\"breadcrumb\":{\"@id\":\"https:\/\/www.vialivre.pt\/es\/en-ruta\/nuestras-concesionarias-a22-a28\/a22-algarve\/#breadcrumb\"},\"inLanguage\":\"es\",\"potentialAction\":[{\"@type\":\"ReadAction\",\"target\":[\"https:\/\/www.vialivre.pt\/es\/en-ruta\/nuestras-concesionarias-a22-a28\/a22-algarve\/\"]}]},{\"@type\":\"BreadcrumbList\",\"@id\":\"https:\/\/www.vialivre.pt\/es\/en-ruta\/nuestras-concesionarias-a22-a28\/a22-algarve\/#breadcrumb\",\"itemListElement\":[{\"@type\":\"ListItem\",\"position\":1,\"name\":\"Home\",\"item\":\"https:\/\/www.vialivre.pt\/es\/\"},{\"@type\":\"ListItem\",\"position\":2,\"name\":\"Sobre Vialivre\",\"item\":\"https:\/\/www.vialivre.pt\/es\/en-ruta\/\"},{\"@type\":\"ListItem\",\"position\":3,\"name\":\"Nuestras concesionarias (A22\/A28)\",\"item\":\"https:\/\/www.vialivre.pt\/es\/en-ruta\/nuestras-concesionarias-a22-a28\/\"},{\"@type\":\"ListItem\",\"position\":4,\"name\":\"A22 Algarve\"}]},{\"@type\":\"WebSite\",\"@id\":\"https:\/\/www.vialivre.pt\/es\/#website\",\"url\":\"https:\/\/www.vialivre.pt\/es\/\",\"name\":\"Vialivre\",\"description\":\"Vialivre\",\"potentialAction\":[{\"@type\":\"SearchAction\",\"target\":{\"@type\":\"EntryPoint\",\"urlTemplate\":\"https:\/\/www.vialivre.pt\/es\/?s={search_term_string}\"},\"query-input\":{\"@type\":\"PropertyValueSpecification\",\"valueRequired\":true,\"valueName\":\"search_term_string\"}}],\"inLanguage\":\"es\"}]}<\/script>\n<!-- \/ Yoast SEO plugin. -->","yoast_head_json":{"title":"La autopista A22 Algarve","description":"La autopista A22 recorre toda la regi\u00f3n del Algarve de punta a punta siendo una de las zonas m\u00e1s tur\u00edsticas de Portugal.","robots":{"index":"noindex","follow":"follow"},"og_locale":"es_ES","og_type":"article","og_title":"La autopista A22 Algarve","og_description":"La autopista A22 recorre toda la regi\u00f3n del Algarve de punta a punta siendo una de las zonas m\u00e1s tur\u00edsticas de Portugal.","og_url":"https:\/\/www.vialivre.pt\/es\/en-ruta\/nuestras-concesionarias-a22-a28\/a22-algarve\/","og_site_name":"Vialivre","article_modified_time":"2023-01-03T16:00:36+00:00","twitter_card":"summary_large_image","schema":{"@context":"https:\/\/schema.org","@graph":[{"@type":"WebPage","@id":"https:\/\/www.vialivre.pt\/es\/en-ruta\/nuestras-concesionarias-a22-a28\/a22-algarve\/","url":"https:\/\/www.vialivre.pt\/es\/en-ruta\/nuestras-concesionarias-a22-a28\/a22-algarve\/","name":"La autopista A22 Algarve","isPartOf":{"@id":"https:\/\/www.vialivre.pt\/es\/#website"},"datePublished":"2020-01-09T16:10:54+00:00","dateModified":"2023-01-03T16:00:36+00:00","description":"La autopista A22 recorre toda la regi\u00f3n del Algarve de punta a punta siendo una de las zonas m\u00e1s tur\u00edsticas de Portugal.","breadcrumb":{"@id":"https:\/\/www.vialivre.pt\/es\/en-ruta\/nuestras-concesionarias-a22-a28\/a22-algarve\/#breadcrumb"},"inLanguage":"es","potentialAction":[{"@type":"ReadAction","target":["https:\/\/www.vialivre.pt\/es\/en-ruta\/nuestras-concesionarias-a22-a28\/a22-algarve\/"]}]},{"@type":"BreadcrumbList","@id":"https:\/\/www.vialivre.pt\/es\/en-ruta\/nuestras-concesionarias-a22-a28\/a22-algarve\/#breadcrumb","itemListElement":[{"@type":"ListItem","position":1,"name":"Home","item":"https:\/\/www.vialivre.pt\/es\/"},{"@type":"ListItem","position":2,"name":"Sobre Vialivre","item":"https:\/\/www.vialivre.pt\/es\/en-ruta\/"},{"@type":"ListItem","position":3,"name":"Nuestras concesionarias (A22\/A28)","item":"https:\/\/www.vialivre.pt\/es\/en-ruta\/nuestras-concesionarias-a22-a28\/"},{"@type":"ListItem","position":4,"name":"A22 Algarve"}]},{"@type":"WebSite","@id":"https:\/\/www.vialivre.pt\/es\/#website","url":"https:\/\/www.vialivre.pt\/es\/","name":"Vialivre","description":"Vialivre","potentialAction":[{"@type":"SearchAction","target":{"@type":"EntryPoint","urlTemplate":"https:\/\/www.vialivre.pt\/es\/?s={search_term_string}"},"query-input":{"@type":"PropertyValueSpecification","valueRequired":true,"valueName":"search_term_string"}}],"inLanguage":"es"}]}},"_links":{"self":[{"href":"https:\/\/www.vialivre.pt\/es\/wp-json\/wp\/v2\/pages\/8056","targetHints":{"allow":["GET"]}}],"collection":[{"href":"https:\/\/www.vialivre.pt\/es\/wp-json\/wp\/v2\/pages"}],"about":[{"href":"https:\/\/www.vialivre.pt\/es\/wp-json\/wp\/v2\/types\/page"}],"replies":[{"embeddable":true,"href":"https:\/\/www.vialivre.pt\/es\/wp-json\/wp\/v2\/comments?post=8056"}],"version-history":[{"count":8,"href":"https:\/\/www.vialivre.pt\/es\/wp-json\/wp\/v2\/pages\/8056\/revisions"}],"predecessor-version":[{"id":12984,"href":"https:\/\/www.vialivre.pt\/es\/wp-json\/wp\/v2\/pages\/8056\/revisions\/12984"}],"up":[{"embeddable":true,"href":"https:\/\/www.vialivre.pt\/es\/wp-json\/wp\/v2\/pages\/5203"}],"wp:attachment":[{"href":"https:\/\/www.vialivre.pt\/es\/wp-json\/wp\/v2\/media?parent=8056"}],"curies":[{"name":"wp","href":"https:\/\/api.w.org\/{rel}","templated":true}]}}