      {"id":5947,"date":"2019-09-10T09:09:12","date_gmt":"2019-09-10T09:09:12","guid":{"rendered":"https:\/\/www.vialivre.pt\/paytolls\/"},"modified":"2025-02-06T16:41:57","modified_gmt":"2025-02-06T16:41:57","slug":"paytolls","status":"publish","type":"page","link":"https:\/\/www.vialivre.pt\/pt-pt\/como-funciona\/metodos-de-pagamento\/matriculas-portuguesas\/paytolls\/","title":{"rendered":"Paytolls"},"content":{"rendered":"","protected":false},"excerpt":{"rendered":"","protected":false},"featured_media":0,"parent":7921,"menu_order":0,"comment_status":"closed","ping_status":"closed","template":"template-level_n.php","meta":{"_acf_changed":false,"footnotes":""},"class_list":["post-5947","page","type-page","status-publish","hentry"],"acf":[],"yoast_head":"<!-- This site is optimized with the Yoast SEO plugin v27.2 - https:\/\/yoast.com\/product\/yoast-seo-wordpress\/ -->\n<title>Paytolls - Portal de pagamento de viagens em d\u00edvida<\/title>\n<meta name=\"description\" content=\"Portal para cobran\u00e7a coerciva de viagens realizadas nas concess\u00f5es da Vialivre. Pague de forma f\u00e1cil e c\u00f3moda as portagens em d\u00edvida, de viagens nas autoestradas Norte Litoral (A28) e Via do Infante (Algarve - A22).\" \/>\n<meta name=\"robots\" content=\"noindex, follow\" \/>\n<meta property=\"og:locale\" content=\"pt_PT\" \/>\n<meta property=\"og:type\" content=\"article\" \/>\n<meta property=\"og:title\" content=\"Paytolls - Portal de pagamento de viagens em d\u00edvida\" \/>\n<meta property=\"og:description\" content=\"Portal para cobran\u00e7a coerciva de viagens realizadas nas concess\u00f5es da Vialivre. Pague de forma f\u00e1cil e c\u00f3moda as portagens em d\u00edvida, de viagens nas autoestradas Norte Litoral (A28) e Via do Infante (Algarve - A22).\" \/>\n<meta property=\"og:url\" content=\"https:\/\/www.vialivre.pt\/pt-pt\/como-funciona\/metodos-de-pagamento\/matriculas-portuguesas\/paytolls\/\" \/>\n<meta property=\"og:site_name\" content=\"Vialivre\" \/>\n<meta property=\"article:modified_time\" content=\"2025-02-06T16:41:57+00:00\" \/>\n<meta name=\"twitter:card\" content=\"summary_large_image\" \/>\n<script type=\"application\/ld+json\" class=\"yoast-schema-graph\">{\"@context\":\"https:\/\/schema.org\",\"@graph\":[{\"@type\":\"WebPage\",\"@id\":\"https:\/\/www.vialivre.pt\/pt-pt\/como-funciona\/metodos-de-pagamento\/matriculas-portuguesas\/paytolls\/\",\"url\":\"https:\/\/www.vialivre.pt\/pt-pt\/como-funciona\/metodos-de-pagamento\/matriculas-portuguesas\/paytolls\/\",\"name\":\"Paytolls - Portal de pagamento de viagens em d\u00edvida\",\"isPartOf\":{\"@id\":\"https:\/\/www.vialivre.pt\/es\/#website\"},\"datePublished\":\"2019-09-10T09:09:12+00:00\",\"dateModified\":\"2025-02-06T16:41:57+00:00\",\"description\":\"Portal para cobran\u00e7a coerciva de viagens realizadas nas concess\u00f5es da Vialivre. Pague de forma f\u00e1cil e c\u00f3moda as portagens em d\u00edvida, de viagens nas autoestradas Norte Litoral (A28) e Via do Infante (Algarve - A22).\",\"breadcrumb\":{\"@id\":\"https:\/\/www.vialivre.pt\/pt-pt\/como-funciona\/metodos-de-pagamento\/matriculas-portuguesas\/paytolls\/#breadcrumb\"},\"inLanguage\":\"pt-PT\",\"potentialAction\":[{\"@type\":\"ReadAction\",\"target\":[\"https:\/\/www.vialivre.pt\/pt-pt\/como-funciona\/metodos-de-pagamento\/matriculas-portuguesas\/paytolls\/\"]}]},{\"@type\":\"BreadcrumbList\",\"@id\":\"https:\/\/www.vialivre.pt\/pt-pt\/como-funciona\/metodos-de-pagamento\/matriculas-portuguesas\/paytolls\/#breadcrumb\",\"itemListElement\":[{\"@type\":\"ListItem\",\"position\":1,\"name\":\"Home\",\"item\":\"https:\/\/www.vialivre.pt\/pt-pt\/\"},{\"@type\":\"ListItem\",\"position\":2,\"name\":\"Como funciona?\",\"item\":\"https:\/\/www.vialivre.pt\/pt-pt\/como-funciona\/\"},{\"@type\":\"ListItem\",\"position\":3,\"name\":\"M\u00e9todos de pagamento\",\"item\":\"https:\/\/www.vialivre.pt\/pt-pt\/como-funciona\/metodos-de-pagamento\/\"},{\"@type\":\"ListItem\",\"position\":4,\"name\":\"Matr\u00edculas portuguesas\",\"item\":\"https:\/\/www.vialivre.pt\/pt-pt\/como-funciona\/metodos-de-pagamento\/matriculas-portuguesas\/\"},{\"@type\":\"ListItem\",\"position\":5,\"name\":\"Paytolls\"}]},{\"@type\":\"WebSite\",\"@id\":\"https:\/\/www.vialivre.pt\/es\/#website\",\"url\":\"https:\/\/www.vialivre.pt\/es\/\",\"name\":\"Vialivre\",\"description\":\"Vialivre\",\"potentialAction\":[{\"@type\":\"SearchAction\",\"target\":{\"@type\":\"EntryPoint\",\"urlTemplate\":\"https:\/\/www.vialivre.pt\/es\/?s={search_term_string}\"},\"query-input\":{\"@type\":\"PropertyValueSpecification\",\"valueRequired\":true,\"valueName\":\"search_term_string\"}}],\"inLanguage\":\"pt-PT\"}]}<\/script>\n<!-- \/ Yoast SEO plugin. -->","yoast_head_json":{"title":"Paytolls - Portal de pagamento de viagens em d\u00edvida","description":"Portal para cobran\u00e7a coerciva de viagens realizadas nas concess\u00f5es da Vialivre. Pague de forma f\u00e1cil e c\u00f3moda as portagens em d\u00edvida, de viagens nas autoestradas Norte Litoral (A28) e Via do Infante (Algarve - A22).","robots":{"index":"noindex","follow":"follow"},"og_locale":"pt_PT","og_type":"article","og_title":"Paytolls - Portal de pagamento de viagens em d\u00edvida","og_description":"Portal para cobran\u00e7a coerciva de viagens realizadas nas concess\u00f5es da Vialivre. Pague de forma f\u00e1cil e c\u00f3moda as portagens em d\u00edvida, de viagens nas autoestradas Norte Litoral (A28) e Via do Infante (Algarve - A22).","og_url":"https:\/\/www.vialivre.pt\/pt-pt\/como-funciona\/metodos-de-pagamento\/matriculas-portuguesas\/paytolls\/","og_site_name":"Vialivre","article_modified_time":"2025-02-06T16:41:57+00:00","twitter_card":"summary_large_image","schema":{"@context":"https:\/\/schema.org","@graph":[{"@type":"WebPage","@id":"https:\/\/www.vialivre.pt\/pt-pt\/como-funciona\/metodos-de-pagamento\/matriculas-portuguesas\/paytolls\/","url":"https:\/\/www.vialivre.pt\/pt-pt\/como-funciona\/metodos-de-pagamento\/matriculas-portuguesas\/paytolls\/","name":"Paytolls - Portal de pagamento de viagens em d\u00edvida","isPartOf":{"@id":"https:\/\/www.vialivre.pt\/es\/#website"},"datePublished":"2019-09-10T09:09:12+00:00","dateModified":"2025-02-06T16:41:57+00:00","description":"Portal para cobran\u00e7a coerciva de viagens realizadas nas concess\u00f5es da Vialivre. Pague de forma f\u00e1cil e c\u00f3moda as portagens em d\u00edvida, de viagens nas autoestradas Norte Litoral (A28) e Via do Infante (Algarve - A22).","breadcrumb":{"@id":"https:\/\/www.vialivre.pt\/pt-pt\/como-funciona\/metodos-de-pagamento\/matriculas-portuguesas\/paytolls\/#breadcrumb"},"inLanguage":"pt-PT","potentialAction":[{"@type":"ReadAction","target":["https:\/\/www.vialivre.pt\/pt-pt\/como-funciona\/metodos-de-pagamento\/matriculas-portuguesas\/paytolls\/"]}]},{"@type":"BreadcrumbList","@id":"https:\/\/www.vialivre.pt\/pt-pt\/como-funciona\/metodos-de-pagamento\/matriculas-portuguesas\/paytolls\/#breadcrumb","itemListElement":[{"@type":"ListItem","position":1,"name":"Home","item":"https:\/\/www.vialivre.pt\/pt-pt\/"},{"@type":"ListItem","position":2,"name":"Como funciona?","item":"https:\/\/www.vialivre.pt\/pt-pt\/como-funciona\/"},{"@type":"ListItem","position":3,"name":"M\u00e9todos de pagamento","item":"https:\/\/www.vialivre.pt\/pt-pt\/como-funciona\/metodos-de-pagamento\/"},{"@type":"ListItem","position":4,"name":"Matr\u00edculas portuguesas","item":"https:\/\/www.vialivre.pt\/pt-pt\/como-funciona\/metodos-de-pagamento\/matriculas-portuguesas\/"},{"@type":"ListItem","position":5,"name":"Paytolls"}]},{"@type":"WebSite","@id":"https:\/\/www.vialivre.pt\/es\/#website","url":"https:\/\/www.vialivre.pt\/es\/","name":"Vialivre","description":"Vialivre","potentialAction":[{"@type":"SearchAction","target":{"@type":"EntryPoint","urlTemplate":"https:\/\/www.vialivre.pt\/es\/?s={search_term_string}"},"query-input":{"@type":"PropertyValueSpecification","valueRequired":true,"valueName":"search_term_string"}}],"inLanguage":"pt-PT"}]}},"_links":{"self":[{"href":"https:\/\/www.vialivre.pt\/pt-pt\/wp-json\/wp\/v2\/pages\/5947","targetHints":{"allow":["GET"]}}],"collection":[{"href":"https:\/\/www.vialivre.pt\/pt-pt\/wp-json\/wp\/v2\/pages"}],"about":[{"href":"https:\/\/www.vialivre.pt\/pt-pt\/wp-json\/wp\/v2\/types\/page"}],"replies":[{"embeddable":true,"href":"https:\/\/www.vialivre.pt\/pt-pt\/wp-json\/wp\/v2\/comments?post=5947"}],"version-history":[{"count":19,"href":"https:\/\/www.vialivre.pt\/pt-pt\/wp-json\/wp\/v2\/pages\/5947\/revisions"}],"predecessor-version":[{"id":13249,"href":"https:\/\/www.vialivre.pt\/pt-pt\/wp-json\/wp\/v2\/pages\/5947\/revisions\/13249"}],"up":[{"embeddable":true,"href":"https:\/\/www.vialivre.pt\/pt-pt\/wp-json\/wp\/v2\/pages\/7921"}],"wp:attachment":[{"href":"https:\/\/www.vialivre.pt\/pt-pt\/wp-json\/wp\/v2\/media?parent=5947"}],"curies":[{"name":"wp","href":"https:\/\/api.w.org\/{rel}","templated":true}]}}