      {"id":5958,"date":"2019-08-30T12:22:09","date_gmt":"2019-08-30T12:22:09","guid":{"rendered":"https:\/\/www.vialivre.pt\/contacto\/"},"modified":"2025-05-02T09:14:35","modified_gmt":"2025-05-02T09:14:35","slug":"apoio-ao-utente","status":"publish","type":"page","link":"https:\/\/www.vialivre.pt\/pt-pt\/apoio-ao-utente\/","title":{"rendered":"Apoio ao utente"},"content":{"rendered":"","protected":false},"excerpt":{"rendered":"","protected":false},"featured_media":8683,"parent":0,"menu_order":0,"comment_status":"closed","ping_status":"closed","template":"template-level_2.php","meta":{"_acf_changed":false,"footnotes":""},"class_list":["post-5958","page","type-page","status-publish","has-post-thumbnail","hentry"],"acf":[],"yoast_head":"<!-- This site is optimized with the Yoast SEO plugin v27.2 - https:\/\/yoast.com\/product\/yoast-seo-wordpress\/ -->\n<title>Contactos para apoio ao utente | Vialivre<\/title>\n<meta name=\"description\" content=\"Tem d\u00favidas sobre o pagamento de portagens ou de alguma notifica\u00e7\u00e3o que recebeu?Entre em contacto com a nossa equipa de apoio ao utente.\" \/>\n<meta name=\"robots\" content=\"index, follow, max-snippet:-1, max-image-preview:large, max-video-preview:-1\" \/>\n<link rel=\"canonical\" href=\"https:\/\/www.vialivre.pt\/pt-pt\/apoio-ao-utente\/\" \/>\n<meta property=\"og:locale\" content=\"pt_PT\" \/>\n<meta property=\"og:type\" content=\"article\" \/>\n<meta property=\"og:title\" content=\"Contactos para apoio ao utente | Vialivre\" \/>\n<meta property=\"og:description\" content=\"Tem d\u00favidas sobre o pagamento de portagens ou de alguma notifica\u00e7\u00e3o que recebeu?Entre em contacto com a nossa equipa de apoio ao utente.\" \/>\n<meta property=\"og:url\" content=\"https:\/\/www.vialivre.pt\/pt-pt\/apoio-ao-utente\/\" \/>\n<meta property=\"og:site_name\" content=\"Vialivre\" \/>\n<meta property=\"article:modified_time\" content=\"2025-05-02T09:14:35+00:00\" \/>\n<meta property=\"og:image\" content=\"https:\/\/static.vialivre.pt\/wp-content\/uploads\/2020\/02\/04171412\/P%C2%A6rtico-Norte-Luz-Baja.jpg\" \/>\n\t<meta property=\"og:image:width\" content=\"1600\" \/>\n\t<meta property=\"og:image:height\" content=\"1069\" \/>\n\t<meta property=\"og:image:type\" content=\"image\/jpeg\" \/>\n<meta name=\"twitter:card\" content=\"summary_large_image\" \/>\n<meta name=\"twitter:label1\" content=\"Est. reading time\" \/>\n\t<meta name=\"twitter:data1\" content=\"1 minute\" \/>\n<script type=\"application\/ld+json\" class=\"yoast-schema-graph\">{\"@context\":\"https:\/\/schema.org\",\"@graph\":[{\"@type\":\"WebPage\",\"@id\":\"https:\/\/www.vialivre.pt\/pt-pt\/apoio-ao-utente\/\",\"url\":\"https:\/\/www.vialivre.pt\/pt-pt\/apoio-ao-utente\/\",\"name\":\"Contactos para apoio ao utente | Vialivre\",\"isPartOf\":{\"@id\":\"https:\/\/www.vialivre.pt\/es\/#website\"},\"primaryImageOfPage\":{\"@id\":\"https:\/\/www.vialivre.pt\/pt-pt\/apoio-ao-utente\/#primaryimage\"},\"image\":{\"@id\":\"https:\/\/www.vialivre.pt\/pt-pt\/apoio-ao-utente\/#primaryimage\"},\"thumbnailUrl\":\"https:\/\/static.vialivre.pt\/wp-content\/uploads\/2020\/02\/04171412\/P%C2%A6rtico-Norte-Luz-Baja.jpg\",\"datePublished\":\"2019-08-30T12:22:09+00:00\",\"dateModified\":\"2025-05-02T09:14:35+00:00\",\"description\":\"Tem d\u00favidas sobre o pagamento de portagens ou de alguma notifica\u00e7\u00e3o que recebeu?Entre em contacto com a nossa equipa de apoio ao utente.\",\"breadcrumb\":{\"@id\":\"https:\/\/www.vialivre.pt\/pt-pt\/apoio-ao-utente\/#breadcrumb\"},\"inLanguage\":\"pt-PT\",\"potentialAction\":[{\"@type\":\"ReadAction\",\"target\":[\"https:\/\/www.vialivre.pt\/pt-pt\/apoio-ao-utente\/\"]}]},{\"@type\":\"ImageObject\",\"inLanguage\":\"pt-PT\",\"@id\":\"https:\/\/www.vialivre.pt\/pt-pt\/apoio-ao-utente\/#primaryimage\",\"url\":\"https:\/\/static.vialivre.pt\/wp-content\/uploads\/2020\/02\/04171412\/P%C2%A6rtico-Norte-Luz-Baja.jpg\",\"contentUrl\":\"https:\/\/static.vialivre.pt\/wp-content\/uploads\/2020\/02\/04171412\/P%C2%A6rtico-Norte-Luz-Baja.jpg\",\"width\":1600,\"height\":1069,\"caption\":\"SONY DSC\"},{\"@type\":\"BreadcrumbList\",\"@id\":\"https:\/\/www.vialivre.pt\/pt-pt\/apoio-ao-utente\/#breadcrumb\",\"itemListElement\":[{\"@type\":\"ListItem\",\"position\":1,\"name\":\"Home\",\"item\":\"https:\/\/www.vialivre.pt\/pt-pt\/\"},{\"@type\":\"ListItem\",\"position\":2,\"name\":\"Apoio ao utente\"}]},{\"@type\":\"WebSite\",\"@id\":\"https:\/\/www.vialivre.pt\/es\/#website\",\"url\":\"https:\/\/www.vialivre.pt\/es\/\",\"name\":\"Vialivre\",\"description\":\"Vialivre\",\"potentialAction\":[{\"@type\":\"SearchAction\",\"target\":{\"@type\":\"EntryPoint\",\"urlTemplate\":\"https:\/\/www.vialivre.pt\/es\/?s={search_term_string}\"},\"query-input\":{\"@type\":\"PropertyValueSpecification\",\"valueRequired\":true,\"valueName\":\"search_term_string\"}}],\"inLanguage\":\"pt-PT\"}]}<\/script>\n<!-- \/ Yoast SEO plugin. -->","yoast_head_json":{"title":"Contactos para apoio ao utente | Vialivre","description":"Tem d\u00favidas sobre o pagamento de portagens ou de alguma notifica\u00e7\u00e3o que recebeu?Entre em contacto com a nossa equipa de apoio ao utente.","robots":{"index":"index","follow":"follow","max-snippet":"max-snippet:-1","max-image-preview":"max-image-preview:large","max-video-preview":"max-video-preview:-1"},"canonical":"https:\/\/www.vialivre.pt\/pt-pt\/apoio-ao-utente\/","og_locale":"pt_PT","og_type":"article","og_title":"Contactos para apoio ao utente | Vialivre","og_description":"Tem d\u00favidas sobre o pagamento de portagens ou de alguma notifica\u00e7\u00e3o que recebeu?Entre em contacto com a nossa equipa de apoio ao utente.","og_url":"https:\/\/www.vialivre.pt\/pt-pt\/apoio-ao-utente\/","og_site_name":"Vialivre","article_modified_time":"2025-05-02T09:14:35+00:00","og_image":[{"width":1600,"height":1069,"url":"https:\/\/static.vialivre.pt\/wp-content\/uploads\/2020\/02\/04171412\/P%C2%A6rtico-Norte-Luz-Baja.jpg","type":"image\/jpeg"}],"twitter_card":"summary_large_image","twitter_misc":{"Est. reading time":"1 minute"},"schema":{"@context":"https:\/\/schema.org","@graph":[{"@type":"WebPage","@id":"https:\/\/www.vialivre.pt\/pt-pt\/apoio-ao-utente\/","url":"https:\/\/www.vialivre.pt\/pt-pt\/apoio-ao-utente\/","name":"Contactos para apoio ao utente | Vialivre","isPartOf":{"@id":"https:\/\/www.vialivre.pt\/es\/#website"},"primaryImageOfPage":{"@id":"https:\/\/www.vialivre.pt\/pt-pt\/apoio-ao-utente\/#primaryimage"},"image":{"@id":"https:\/\/www.vialivre.pt\/pt-pt\/apoio-ao-utente\/#primaryimage"},"thumbnailUrl":"https:\/\/static.vialivre.pt\/wp-content\/uploads\/2020\/02\/04171412\/P%C2%A6rtico-Norte-Luz-Baja.jpg","datePublished":"2019-08-30T12:22:09+00:00","dateModified":"2025-05-02T09:14:35+00:00","description":"Tem d\u00favidas sobre o pagamento de portagens ou de alguma notifica\u00e7\u00e3o que recebeu?Entre em contacto com a nossa equipa de apoio ao utente.","breadcrumb":{"@id":"https:\/\/www.vialivre.pt\/pt-pt\/apoio-ao-utente\/#breadcrumb"},"inLanguage":"pt-PT","potentialAction":[{"@type":"ReadAction","target":["https:\/\/www.vialivre.pt\/pt-pt\/apoio-ao-utente\/"]}]},{"@type":"ImageObject","inLanguage":"pt-PT","@id":"https:\/\/www.vialivre.pt\/pt-pt\/apoio-ao-utente\/#primaryimage","url":"https:\/\/static.vialivre.pt\/wp-content\/uploads\/2020\/02\/04171412\/P%C2%A6rtico-Norte-Luz-Baja.jpg","contentUrl":"https:\/\/static.vialivre.pt\/wp-content\/uploads\/2020\/02\/04171412\/P%C2%A6rtico-Norte-Luz-Baja.jpg","width":1600,"height":1069,"caption":"SONY DSC"},{"@type":"BreadcrumbList","@id":"https:\/\/www.vialivre.pt\/pt-pt\/apoio-ao-utente\/#breadcrumb","itemListElement":[{"@type":"ListItem","position":1,"name":"Home","item":"https:\/\/www.vialivre.pt\/pt-pt\/"},{"@type":"ListItem","position":2,"name":"Apoio ao utente"}]},{"@type":"WebSite","@id":"https:\/\/www.vialivre.pt\/es\/#website","url":"https:\/\/www.vialivre.pt\/es\/","name":"Vialivre","description":"Vialivre","potentialAction":[{"@type":"SearchAction","target":{"@type":"EntryPoint","urlTemplate":"https:\/\/www.vialivre.pt\/es\/?s={search_term_string}"},"query-input":{"@type":"PropertyValueSpecification","valueRequired":true,"valueName":"search_term_string"}}],"inLanguage":"pt-PT"}]}},"_links":{"self":[{"href":"https:\/\/www.vialivre.pt\/pt-pt\/wp-json\/wp\/v2\/pages\/5958","targetHints":{"allow":["GET"]}}],"collection":[{"href":"https:\/\/www.vialivre.pt\/pt-pt\/wp-json\/wp\/v2\/pages"}],"about":[{"href":"https:\/\/www.vialivre.pt\/pt-pt\/wp-json\/wp\/v2\/types\/page"}],"replies":[{"embeddable":true,"href":"https:\/\/www.vialivre.pt\/pt-pt\/wp-json\/wp\/v2\/comments?post=5958"}],"version-history":[{"count":29,"href":"https:\/\/www.vialivre.pt\/pt-pt\/wp-json\/wp\/v2\/pages\/5958\/revisions"}],"predecessor-version":[{"id":13290,"href":"https:\/\/www.vialivre.pt\/pt-pt\/wp-json\/wp\/v2\/pages\/5958\/revisions\/13290"}],"wp:featuredmedia":[{"embeddable":true,"href":"https:\/\/www.vialivre.pt\/pt-pt\/wp-json\/wp\/v2\/media\/8683"}],"wp:attachment":[{"href":"https:\/\/www.vialivre.pt\/pt-pt\/wp-json\/wp\/v2\/media?parent=5958"}],"curies":[{"name":"wp","href":"https:\/\/api.w.org\/{rel}","templated":true}]}}