      {"id":5963,"date":"2019-02-19T19:00:49","date_gmt":"2019-02-19T19:00:49","guid":{"rendered":"https:\/\/www.vialivre.pt\/portagens\/preguntas-frecuentes\/"},"modified":"2024-04-04T15:33:51","modified_gmt":"2024-04-04T15:33:51","slug":"perguntas-frequentes","status":"publish","type":"page","link":"https:\/\/www.vialivre.pt\/pt-pt\/como-funciona\/perguntas-frequentes\/","title":{"rendered":"FAQs"},"content":{"rendered":"","protected":false},"excerpt":{"rendered":"","protected":false},"featured_media":0,"parent":5735,"menu_order":5,"comment_status":"closed","ping_status":"closed","template":"template-level_3.php","meta":{"_acf_changed":false,"footnotes":""},"class_list":["post-5963","page","type-page","status-publish","hentry"],"acf":[],"yoast_head":"<!-- This site is optimized with the Yoast SEO plugin v27.2 - https:\/\/yoast.com\/product\/yoast-seo-wordpress\/ -->\n<title>Como funciona o sistema de portagens<\/title>\n<meta name=\"description\" content=\"Esclare\u00e7a as suas d\u00favidas na nossa sec\u00e7\u00e3o com perguntas frequentes dos nossos utentes.\" \/>\n<meta name=\"robots\" content=\"index, follow, max-snippet:-1, max-image-preview:large, max-video-preview:-1\" \/>\n<link rel=\"canonical\" href=\"https:\/\/www.vialivre.pt\/pt-pt\/como-funciona\/perguntas-frequentes\/\" \/>\n<meta property=\"og:locale\" content=\"pt_PT\" \/>\n<meta property=\"og:type\" content=\"article\" \/>\n<meta property=\"og:title\" content=\"Como funciona o sistema de portagens\" \/>\n<meta property=\"og:description\" content=\"Esclare\u00e7a as suas d\u00favidas na nossa sec\u00e7\u00e3o com perguntas frequentes dos nossos utentes.\" \/>\n<meta property=\"og:url\" content=\"https:\/\/www.vialivre.pt\/pt-pt\/como-funciona\/perguntas-frequentes\/\" \/>\n<meta property=\"og:site_name\" content=\"Vialivre\" \/>\n<meta property=\"article:modified_time\" content=\"2024-04-04T15:33:51+00:00\" \/>\n<meta name=\"twitter:card\" content=\"summary_large_image\" \/>\n<script type=\"application\/ld+json\" class=\"yoast-schema-graph\">{\"@context\":\"https:\/\/schema.org\",\"@graph\":[{\"@type\":\"WebPage\",\"@id\":\"https:\/\/www.vialivre.pt\/pt-pt\/como-funciona\/perguntas-frequentes\/\",\"url\":\"https:\/\/www.vialivre.pt\/pt-pt\/como-funciona\/perguntas-frequentes\/\",\"name\":\"Como funciona o sistema de portagens\",\"isPartOf\":{\"@id\":\"https:\/\/www.vialivre.pt\/es\/#website\"},\"datePublished\":\"2019-02-19T19:00:49+00:00\",\"dateModified\":\"2024-04-04T15:33:51+00:00\",\"description\":\"Esclare\u00e7a as suas d\u00favidas na nossa sec\u00e7\u00e3o com perguntas frequentes dos nossos utentes.\",\"breadcrumb\":{\"@id\":\"https:\/\/www.vialivre.pt\/pt-pt\/como-funciona\/perguntas-frequentes\/#breadcrumb\"},\"inLanguage\":\"pt-PT\",\"potentialAction\":[{\"@type\":\"ReadAction\",\"target\":[\"https:\/\/www.vialivre.pt\/pt-pt\/como-funciona\/perguntas-frequentes\/\"]}]},{\"@type\":\"BreadcrumbList\",\"@id\":\"https:\/\/www.vialivre.pt\/pt-pt\/como-funciona\/perguntas-frequentes\/#breadcrumb\",\"itemListElement\":[{\"@type\":\"ListItem\",\"position\":1,\"name\":\"Home\",\"item\":\"https:\/\/www.vialivre.pt\/pt-pt\/\"},{\"@type\":\"ListItem\",\"position\":2,\"name\":\"Como funciona?\",\"item\":\"https:\/\/www.vialivre.pt\/pt-pt\/como-funciona\/\"},{\"@type\":\"ListItem\",\"position\":3,\"name\":\"FAQs\"}]},{\"@type\":\"WebSite\",\"@id\":\"https:\/\/www.vialivre.pt\/es\/#website\",\"url\":\"https:\/\/www.vialivre.pt\/es\/\",\"name\":\"Vialivre\",\"description\":\"Vialivre\",\"potentialAction\":[{\"@type\":\"SearchAction\",\"target\":{\"@type\":\"EntryPoint\",\"urlTemplate\":\"https:\/\/www.vialivre.pt\/es\/?s={search_term_string}\"},\"query-input\":{\"@type\":\"PropertyValueSpecification\",\"valueRequired\":true,\"valueName\":\"search_term_string\"}}],\"inLanguage\":\"pt-PT\"}]}<\/script>\n<!-- \/ Yoast SEO plugin. -->","yoast_head_json":{"title":"Como funciona o sistema de portagens","description":"Esclare\u00e7a as suas d\u00favidas na nossa sec\u00e7\u00e3o com perguntas frequentes dos nossos utentes.","robots":{"index":"index","follow":"follow","max-snippet":"max-snippet:-1","max-image-preview":"max-image-preview:large","max-video-preview":"max-video-preview:-1"},"canonical":"https:\/\/www.vialivre.pt\/pt-pt\/como-funciona\/perguntas-frequentes\/","og_locale":"pt_PT","og_type":"article","og_title":"Como funciona o sistema de portagens","og_description":"Esclare\u00e7a as suas d\u00favidas na nossa sec\u00e7\u00e3o com perguntas frequentes dos nossos utentes.","og_url":"https:\/\/www.vialivre.pt\/pt-pt\/como-funciona\/perguntas-frequentes\/","og_site_name":"Vialivre","article_modified_time":"2024-04-04T15:33:51+00:00","twitter_card":"summary_large_image","schema":{"@context":"https:\/\/schema.org","@graph":[{"@type":"WebPage","@id":"https:\/\/www.vialivre.pt\/pt-pt\/como-funciona\/perguntas-frequentes\/","url":"https:\/\/www.vialivre.pt\/pt-pt\/como-funciona\/perguntas-frequentes\/","name":"Como funciona o sistema de portagens","isPartOf":{"@id":"https:\/\/www.vialivre.pt\/es\/#website"},"datePublished":"2019-02-19T19:00:49+00:00","dateModified":"2024-04-04T15:33:51+00:00","description":"Esclare\u00e7a as suas d\u00favidas na nossa sec\u00e7\u00e3o com perguntas frequentes dos nossos utentes.","breadcrumb":{"@id":"https:\/\/www.vialivre.pt\/pt-pt\/como-funciona\/perguntas-frequentes\/#breadcrumb"},"inLanguage":"pt-PT","potentialAction":[{"@type":"ReadAction","target":["https:\/\/www.vialivre.pt\/pt-pt\/como-funciona\/perguntas-frequentes\/"]}]},{"@type":"BreadcrumbList","@id":"https:\/\/www.vialivre.pt\/pt-pt\/como-funciona\/perguntas-frequentes\/#breadcrumb","itemListElement":[{"@type":"ListItem","position":1,"name":"Home","item":"https:\/\/www.vialivre.pt\/pt-pt\/"},{"@type":"ListItem","position":2,"name":"Como funciona?","item":"https:\/\/www.vialivre.pt\/pt-pt\/como-funciona\/"},{"@type":"ListItem","position":3,"name":"FAQs"}]},{"@type":"WebSite","@id":"https:\/\/www.vialivre.pt\/es\/#website","url":"https:\/\/www.vialivre.pt\/es\/","name":"Vialivre","description":"Vialivre","potentialAction":[{"@type":"SearchAction","target":{"@type":"EntryPoint","urlTemplate":"https:\/\/www.vialivre.pt\/es\/?s={search_term_string}"},"query-input":{"@type":"PropertyValueSpecification","valueRequired":true,"valueName":"search_term_string"}}],"inLanguage":"pt-PT"}]}},"_links":{"self":[{"href":"https:\/\/www.vialivre.pt\/pt-pt\/wp-json\/wp\/v2\/pages\/5963","targetHints":{"allow":["GET"]}}],"collection":[{"href":"https:\/\/www.vialivre.pt\/pt-pt\/wp-json\/wp\/v2\/pages"}],"about":[{"href":"https:\/\/www.vialivre.pt\/pt-pt\/wp-json\/wp\/v2\/types\/page"}],"replies":[{"embeddable":true,"href":"https:\/\/www.vialivre.pt\/pt-pt\/wp-json\/wp\/v2\/comments?post=5963"}],"version-history":[{"count":27,"href":"https:\/\/www.vialivre.pt\/pt-pt\/wp-json\/wp\/v2\/pages\/5963\/revisions"}],"predecessor-version":[{"id":13126,"href":"https:\/\/www.vialivre.pt\/pt-pt\/wp-json\/wp\/v2\/pages\/5963\/revisions\/13126"}],"up":[{"embeddable":true,"href":"https:\/\/www.vialivre.pt\/pt-pt\/wp-json\/wp\/v2\/pages\/5735"}],"wp:attachment":[{"href":"https:\/\/www.vialivre.pt\/pt-pt\/wp-json\/wp\/v2\/media?parent=5963"}],"curies":[{"name":"wp","href":"https:\/\/api.w.org\/{rel}","templated":true}]}}