      {"id":7931,"date":"2020-01-07T16:14:52","date_gmt":"2020-01-07T16:14:52","guid":{"rendered":"https:\/\/www.vialivre.pt\/?page_id=7931"},"modified":"2021-07-08T09:42:03","modified_gmt":"2021-07-08T09:42:03","slug":"matriculas-estrangeiras","status":"publish","type":"page","link":"https:\/\/www.vialivre.pt\/pt-pt\/como-funciona\/metodos-de-pagamento\/matriculas-estrangeiras\/","title":{"rendered":"Matr\u00edculas estrangeiras"},"content":{"rendered":"","protected":false},"excerpt":{"rendered":"","protected":false},"featured_media":0,"parent":5949,"menu_order":0,"comment_status":"closed","ping_status":"closed","template":"template-level_3.php","meta":{"_acf_changed":false,"footnotes":""},"class_list":["post-7931","page","type-page","status-publish","hentry"],"acf":[],"yoast_head":"<!-- This site is optimized with the Yoast SEO plugin v27.2 - https:\/\/yoast.com\/product\/yoast-seo-wordpress\/ -->\n<title>M\u00e9todos de pagamento para ve\u00edculos estrangeiros<\/title>\n<meta name=\"description\" content=\"Se o seu ve\u00edculo tem matr\u00edcula estrangeira, pode pagar portagens atrav\u00e9s destes m\u00e9todos de pagamento: Via Verde Portugal, Tollcard, Easy Toll, Paytolls ou outros m\u00e9todos de pr\u00e9-pagamento que melhor se possam ajustar ao tipo de trajeto.\" \/>\n<meta name=\"robots\" content=\"noindex, follow\" \/>\n<meta property=\"og:locale\" content=\"pt_PT\" \/>\n<meta property=\"og:type\" content=\"article\" \/>\n<meta property=\"og:title\" content=\"M\u00e9todos de pagamento para ve\u00edculos estrangeiros\" \/>\n<meta property=\"og:description\" content=\"Se o seu ve\u00edculo tem matr\u00edcula estrangeira, pode pagar portagens atrav\u00e9s destes m\u00e9todos de pagamento: Via Verde Portugal, Tollcard, Easy Toll, Paytolls ou outros m\u00e9todos de pr\u00e9-pagamento que melhor se possam ajustar ao tipo de trajeto.\" \/>\n<meta property=\"og:url\" content=\"https:\/\/www.vialivre.pt\/pt-pt\/como-funciona\/metodos-de-pagamento\/matriculas-estrangeiras\/\" \/>\n<meta property=\"og:site_name\" content=\"Vialivre\" \/>\n<meta property=\"article:modified_time\" content=\"2021-07-08T09:42:03+00:00\" \/>\n<meta name=\"twitter:card\" content=\"summary_large_image\" \/>\n<script type=\"application\/ld+json\" class=\"yoast-schema-graph\">{\"@context\":\"https:\/\/schema.org\",\"@graph\":[{\"@type\":\"WebPage\",\"@id\":\"https:\/\/www.vialivre.pt\/pt-pt\/como-funciona\/metodos-de-pagamento\/matriculas-estrangeiras\/\",\"url\":\"https:\/\/www.vialivre.pt\/pt-pt\/como-funciona\/metodos-de-pagamento\/matriculas-estrangeiras\/\",\"name\":\"M\u00e9todos de pagamento para ve\u00edculos estrangeiros\",\"isPartOf\":{\"@id\":\"https:\/\/www.vialivre.pt\/es\/#website\"},\"datePublished\":\"2020-01-07T16:14:52+00:00\",\"dateModified\":\"2021-07-08T09:42:03+00:00\",\"description\":\"Se o seu ve\u00edculo tem matr\u00edcula estrangeira, pode pagar portagens atrav\u00e9s destes m\u00e9todos de pagamento: Via Verde Portugal, Tollcard, Easy Toll, Paytolls ou outros m\u00e9todos de pr\u00e9-pagamento que melhor se possam ajustar ao tipo de trajeto.\",\"breadcrumb\":{\"@id\":\"https:\/\/www.vialivre.pt\/pt-pt\/como-funciona\/metodos-de-pagamento\/matriculas-estrangeiras\/#breadcrumb\"},\"inLanguage\":\"pt-PT\",\"potentialAction\":[{\"@type\":\"ReadAction\",\"target\":[\"https:\/\/www.vialivre.pt\/pt-pt\/como-funciona\/metodos-de-pagamento\/matriculas-estrangeiras\/\"]}]},{\"@type\":\"BreadcrumbList\",\"@id\":\"https:\/\/www.vialivre.pt\/pt-pt\/como-funciona\/metodos-de-pagamento\/matriculas-estrangeiras\/#breadcrumb\",\"itemListElement\":[{\"@type\":\"ListItem\",\"position\":1,\"name\":\"Home\",\"item\":\"https:\/\/www.vialivre.pt\/pt-pt\/\"},{\"@type\":\"ListItem\",\"position\":2,\"name\":\"Como funciona?\",\"item\":\"https:\/\/www.vialivre.pt\/pt-pt\/como-funciona\/\"},{\"@type\":\"ListItem\",\"position\":3,\"name\":\"M\u00e9todos de pagamento\",\"item\":\"https:\/\/www.vialivre.pt\/pt-pt\/como-funciona\/metodos-de-pagamento\/\"},{\"@type\":\"ListItem\",\"position\":4,\"name\":\"Matr\u00edculas estrangeiras\"}]},{\"@type\":\"WebSite\",\"@id\":\"https:\/\/www.vialivre.pt\/es\/#website\",\"url\":\"https:\/\/www.vialivre.pt\/es\/\",\"name\":\"Vialivre\",\"description\":\"Vialivre\",\"potentialAction\":[{\"@type\":\"SearchAction\",\"target\":{\"@type\":\"EntryPoint\",\"urlTemplate\":\"https:\/\/www.vialivre.pt\/es\/?s={search_term_string}\"},\"query-input\":{\"@type\":\"PropertyValueSpecification\",\"valueRequired\":true,\"valueName\":\"search_term_string\"}}],\"inLanguage\":\"pt-PT\"}]}<\/script>\n<!-- \/ Yoast SEO plugin. -->","yoast_head_json":{"title":"M\u00e9todos de pagamento para ve\u00edculos estrangeiros","description":"Se o seu ve\u00edculo tem matr\u00edcula estrangeira, pode pagar portagens atrav\u00e9s destes m\u00e9todos de pagamento: Via Verde Portugal, Tollcard, Easy Toll, Paytolls ou outros m\u00e9todos de pr\u00e9-pagamento que melhor se possam ajustar ao tipo de trajeto.","robots":{"index":"noindex","follow":"follow"},"og_locale":"pt_PT","og_type":"article","og_title":"M\u00e9todos de pagamento para ve\u00edculos estrangeiros","og_description":"Se o seu ve\u00edculo tem matr\u00edcula estrangeira, pode pagar portagens atrav\u00e9s destes m\u00e9todos de pagamento: Via Verde Portugal, Tollcard, Easy Toll, Paytolls ou outros m\u00e9todos de pr\u00e9-pagamento que melhor se possam ajustar ao tipo de trajeto.","og_url":"https:\/\/www.vialivre.pt\/pt-pt\/como-funciona\/metodos-de-pagamento\/matriculas-estrangeiras\/","og_site_name":"Vialivre","article_modified_time":"2021-07-08T09:42:03+00:00","twitter_card":"summary_large_image","schema":{"@context":"https:\/\/schema.org","@graph":[{"@type":"WebPage","@id":"https:\/\/www.vialivre.pt\/pt-pt\/como-funciona\/metodos-de-pagamento\/matriculas-estrangeiras\/","url":"https:\/\/www.vialivre.pt\/pt-pt\/como-funciona\/metodos-de-pagamento\/matriculas-estrangeiras\/","name":"M\u00e9todos de pagamento para ve\u00edculos estrangeiros","isPartOf":{"@id":"https:\/\/www.vialivre.pt\/es\/#website"},"datePublished":"2020-01-07T16:14:52+00:00","dateModified":"2021-07-08T09:42:03+00:00","description":"Se o seu ve\u00edculo tem matr\u00edcula estrangeira, pode pagar portagens atrav\u00e9s destes m\u00e9todos de pagamento: Via Verde Portugal, Tollcard, Easy Toll, Paytolls ou outros m\u00e9todos de pr\u00e9-pagamento que melhor se possam ajustar ao tipo de trajeto.","breadcrumb":{"@id":"https:\/\/www.vialivre.pt\/pt-pt\/como-funciona\/metodos-de-pagamento\/matriculas-estrangeiras\/#breadcrumb"},"inLanguage":"pt-PT","potentialAction":[{"@type":"ReadAction","target":["https:\/\/www.vialivre.pt\/pt-pt\/como-funciona\/metodos-de-pagamento\/matriculas-estrangeiras\/"]}]},{"@type":"BreadcrumbList","@id":"https:\/\/www.vialivre.pt\/pt-pt\/como-funciona\/metodos-de-pagamento\/matriculas-estrangeiras\/#breadcrumb","itemListElement":[{"@type":"ListItem","position":1,"name":"Home","item":"https:\/\/www.vialivre.pt\/pt-pt\/"},{"@type":"ListItem","position":2,"name":"Como funciona?","item":"https:\/\/www.vialivre.pt\/pt-pt\/como-funciona\/"},{"@type":"ListItem","position":3,"name":"M\u00e9todos de pagamento","item":"https:\/\/www.vialivre.pt\/pt-pt\/como-funciona\/metodos-de-pagamento\/"},{"@type":"ListItem","position":4,"name":"Matr\u00edculas estrangeiras"}]},{"@type":"WebSite","@id":"https:\/\/www.vialivre.pt\/es\/#website","url":"https:\/\/www.vialivre.pt\/es\/","name":"Vialivre","description":"Vialivre","potentialAction":[{"@type":"SearchAction","target":{"@type":"EntryPoint","urlTemplate":"https:\/\/www.vialivre.pt\/es\/?s={search_term_string}"},"query-input":{"@type":"PropertyValueSpecification","valueRequired":true,"valueName":"search_term_string"}}],"inLanguage":"pt-PT"}]}},"_links":{"self":[{"href":"https:\/\/www.vialivre.pt\/pt-pt\/wp-json\/wp\/v2\/pages\/7931","targetHints":{"allow":["GET"]}}],"collection":[{"href":"https:\/\/www.vialivre.pt\/pt-pt\/wp-json\/wp\/v2\/pages"}],"about":[{"href":"https:\/\/www.vialivre.pt\/pt-pt\/wp-json\/wp\/v2\/types\/page"}],"replies":[{"embeddable":true,"href":"https:\/\/www.vialivre.pt\/pt-pt\/wp-json\/wp\/v2\/comments?post=7931"}],"version-history":[{"count":17,"href":"https:\/\/www.vialivre.pt\/pt-pt\/wp-json\/wp\/v2\/pages\/7931\/revisions"}],"predecessor-version":[{"id":12742,"href":"https:\/\/www.vialivre.pt\/pt-pt\/wp-json\/wp\/v2\/pages\/7931\/revisions\/12742"}],"up":[{"embeddable":true,"href":"https:\/\/www.vialivre.pt\/pt-pt\/wp-json\/wp\/v2\/pages\/5949"}],"wp:attachment":[{"href":"https:\/\/www.vialivre.pt\/pt-pt\/wp-json\/wp\/v2\/media?parent=7931"}],"curies":[{"name":"wp","href":"https:\/\/api.w.org\/{rel}","templated":true}]}}