      {"id":8002,"date":"2020-01-08T09:45:27","date_gmt":"2020-01-08T09:45:27","guid":{"rendered":"https:\/\/www.vialivre.pt\/atencao-ao-utente\/brigada-de-fiscalizacion\/"},"modified":"2025-03-06T15:10:52","modified_gmt":"2025-03-06T15:10:52","slug":"brigada-de-fiscalizacao","status":"publish","type":"page","link":"https:\/\/www.vialivre.pt\/pt-pt\/apoio-ao-utente\/brigada-de-fiscalizacao\/","title":{"rendered":"Brigada de Fiscaliza\u00e7\u00e3o"},"content":{"rendered":"","protected":false},"excerpt":{"rendered":"","protected":false},"featured_media":0,"parent":5958,"menu_order":0,"comment_status":"closed","ping_status":"closed","template":"template-level_3.php","meta":{"_acf_changed":false,"footnotes":""},"class_list":["post-8002","page","type-page","status-publish","hentry"],"acf":[],"yoast_head":"<!-- This site is optimized with the Yoast SEO plugin v27.2 - https:\/\/yoast.com\/product\/yoast-seo-wordpress\/ -->\n<title>Ajudamo-lo a resolver as suas d\u00favidas na autoestrada.<\/title>\n<meta name=\"description\" content=\"Se necessita de informa\u00e7\u00e3o e circula na autoestrada, pode contar com a nossa Brigada de Fiscaliza\u00e7\u00e3o. Eles ir\u00e3o atend\u00ea-lo nas \u00e1reas de servi\u00e7o das nossas concess\u00f5es. N\u00e3o sabe como pagar portagens ou tem notifica\u00e7\u00f5es por pagar?\" \/>\n<meta name=\"robots\" content=\"index, follow, max-snippet:-1, max-image-preview:large, max-video-preview:-1\" \/>\n<link rel=\"canonical\" href=\"https:\/\/www.vialivre.pt\/pt-pt\/apoio-ao-utente\/brigada-de-fiscalizacao\/\" \/>\n<meta property=\"og:locale\" content=\"pt_PT\" \/>\n<meta property=\"og:type\" content=\"article\" \/>\n<meta property=\"og:title\" content=\"Ajudamo-lo a resolver as suas d\u00favidas na autoestrada.\" \/>\n<meta property=\"og:description\" content=\"Se necessita de informa\u00e7\u00e3o e circula na autoestrada, pode contar com a nossa Brigada de Fiscaliza\u00e7\u00e3o. Eles ir\u00e3o atend\u00ea-lo nas \u00e1reas de servi\u00e7o das nossas concess\u00f5es. N\u00e3o sabe como pagar portagens ou tem notifica\u00e7\u00f5es por pagar?\" \/>\n<meta property=\"og:url\" content=\"https:\/\/www.vialivre.pt\/pt-pt\/apoio-ao-utente\/brigada-de-fiscalizacao\/\" \/>\n<meta property=\"og:site_name\" content=\"Vialivre\" \/>\n<meta property=\"article:modified_time\" content=\"2025-03-06T15:10:52+00:00\" \/>\n<meta name=\"twitter:card\" content=\"summary_large_image\" \/>\n<script type=\"application\/ld+json\" class=\"yoast-schema-graph\">{\"@context\":\"https:\/\/schema.org\",\"@graph\":[{\"@type\":\"WebPage\",\"@id\":\"https:\/\/www.vialivre.pt\/pt-pt\/apoio-ao-utente\/brigada-de-fiscalizacao\/\",\"url\":\"https:\/\/www.vialivre.pt\/pt-pt\/apoio-ao-utente\/brigada-de-fiscalizacao\/\",\"name\":\"Ajudamo-lo a resolver as suas d\u00favidas na autoestrada.\",\"isPartOf\":{\"@id\":\"https:\/\/www.vialivre.pt\/es\/#website\"},\"datePublished\":\"2020-01-08T09:45:27+00:00\",\"dateModified\":\"2025-03-06T15:10:52+00:00\",\"description\":\"Se necessita de informa\u00e7\u00e3o e circula na autoestrada, pode contar com a nossa Brigada de Fiscaliza\u00e7\u00e3o. Eles ir\u00e3o atend\u00ea-lo nas \u00e1reas de servi\u00e7o das nossas concess\u00f5es. N\u00e3o sabe como pagar portagens ou tem notifica\u00e7\u00f5es por pagar?\",\"breadcrumb\":{\"@id\":\"https:\/\/www.vialivre.pt\/pt-pt\/apoio-ao-utente\/brigada-de-fiscalizacao\/#breadcrumb\"},\"inLanguage\":\"pt-PT\",\"potentialAction\":[{\"@type\":\"ReadAction\",\"target\":[\"https:\/\/www.vialivre.pt\/pt-pt\/apoio-ao-utente\/brigada-de-fiscalizacao\/\"]}]},{\"@type\":\"BreadcrumbList\",\"@id\":\"https:\/\/www.vialivre.pt\/pt-pt\/apoio-ao-utente\/brigada-de-fiscalizacao\/#breadcrumb\",\"itemListElement\":[{\"@type\":\"ListItem\",\"position\":1,\"name\":\"Home\",\"item\":\"https:\/\/www.vialivre.pt\/pt-pt\/\"},{\"@type\":\"ListItem\",\"position\":2,\"name\":\"Apoio ao utente\",\"item\":\"https:\/\/www.vialivre.pt\/pt-pt\/apoio-ao-utente\/\"},{\"@type\":\"ListItem\",\"position\":3,\"name\":\"Brigada de Fiscaliza\u00e7\u00e3o\"}]},{\"@type\":\"WebSite\",\"@id\":\"https:\/\/www.vialivre.pt\/es\/#website\",\"url\":\"https:\/\/www.vialivre.pt\/es\/\",\"name\":\"Vialivre\",\"description\":\"Vialivre\",\"potentialAction\":[{\"@type\":\"SearchAction\",\"target\":{\"@type\":\"EntryPoint\",\"urlTemplate\":\"https:\/\/www.vialivre.pt\/es\/?s={search_term_string}\"},\"query-input\":{\"@type\":\"PropertyValueSpecification\",\"valueRequired\":true,\"valueName\":\"search_term_string\"}}],\"inLanguage\":\"pt-PT\"}]}<\/script>\n<!-- \/ Yoast SEO plugin. -->","yoast_head_json":{"title":"Ajudamo-lo a resolver as suas d\u00favidas na autoestrada.","description":"Se necessita de informa\u00e7\u00e3o e circula na autoestrada, pode contar com a nossa Brigada de Fiscaliza\u00e7\u00e3o. Eles ir\u00e3o atend\u00ea-lo nas \u00e1reas de servi\u00e7o das nossas concess\u00f5es. N\u00e3o sabe como pagar portagens ou tem notifica\u00e7\u00f5es por pagar?","robots":{"index":"index","follow":"follow","max-snippet":"max-snippet:-1","max-image-preview":"max-image-preview:large","max-video-preview":"max-video-preview:-1"},"canonical":"https:\/\/www.vialivre.pt\/pt-pt\/apoio-ao-utente\/brigada-de-fiscalizacao\/","og_locale":"pt_PT","og_type":"article","og_title":"Ajudamo-lo a resolver as suas d\u00favidas na autoestrada.","og_description":"Se necessita de informa\u00e7\u00e3o e circula na autoestrada, pode contar com a nossa Brigada de Fiscaliza\u00e7\u00e3o. Eles ir\u00e3o atend\u00ea-lo nas \u00e1reas de servi\u00e7o das nossas concess\u00f5es. N\u00e3o sabe como pagar portagens ou tem notifica\u00e7\u00f5es por pagar?","og_url":"https:\/\/www.vialivre.pt\/pt-pt\/apoio-ao-utente\/brigada-de-fiscalizacao\/","og_site_name":"Vialivre","article_modified_time":"2025-03-06T15:10:52+00:00","twitter_card":"summary_large_image","schema":{"@context":"https:\/\/schema.org","@graph":[{"@type":"WebPage","@id":"https:\/\/www.vialivre.pt\/pt-pt\/apoio-ao-utente\/brigada-de-fiscalizacao\/","url":"https:\/\/www.vialivre.pt\/pt-pt\/apoio-ao-utente\/brigada-de-fiscalizacao\/","name":"Ajudamo-lo a resolver as suas d\u00favidas na autoestrada.","isPartOf":{"@id":"https:\/\/www.vialivre.pt\/es\/#website"},"datePublished":"2020-01-08T09:45:27+00:00","dateModified":"2025-03-06T15:10:52+00:00","description":"Se necessita de informa\u00e7\u00e3o e circula na autoestrada, pode contar com a nossa Brigada de Fiscaliza\u00e7\u00e3o. Eles ir\u00e3o atend\u00ea-lo nas \u00e1reas de servi\u00e7o das nossas concess\u00f5es. N\u00e3o sabe como pagar portagens ou tem notifica\u00e7\u00f5es por pagar?","breadcrumb":{"@id":"https:\/\/www.vialivre.pt\/pt-pt\/apoio-ao-utente\/brigada-de-fiscalizacao\/#breadcrumb"},"inLanguage":"pt-PT","potentialAction":[{"@type":"ReadAction","target":["https:\/\/www.vialivre.pt\/pt-pt\/apoio-ao-utente\/brigada-de-fiscalizacao\/"]}]},{"@type":"BreadcrumbList","@id":"https:\/\/www.vialivre.pt\/pt-pt\/apoio-ao-utente\/brigada-de-fiscalizacao\/#breadcrumb","itemListElement":[{"@type":"ListItem","position":1,"name":"Home","item":"https:\/\/www.vialivre.pt\/pt-pt\/"},{"@type":"ListItem","position":2,"name":"Apoio ao utente","item":"https:\/\/www.vialivre.pt\/pt-pt\/apoio-ao-utente\/"},{"@type":"ListItem","position":3,"name":"Brigada de Fiscaliza\u00e7\u00e3o"}]},{"@type":"WebSite","@id":"https:\/\/www.vialivre.pt\/es\/#website","url":"https:\/\/www.vialivre.pt\/es\/","name":"Vialivre","description":"Vialivre","potentialAction":[{"@type":"SearchAction","target":{"@type":"EntryPoint","urlTemplate":"https:\/\/www.vialivre.pt\/es\/?s={search_term_string}"},"query-input":{"@type":"PropertyValueSpecification","valueRequired":true,"valueName":"search_term_string"}}],"inLanguage":"pt-PT"}]}},"_links":{"self":[{"href":"https:\/\/www.vialivre.pt\/pt-pt\/wp-json\/wp\/v2\/pages\/8002","targetHints":{"allow":["GET"]}}],"collection":[{"href":"https:\/\/www.vialivre.pt\/pt-pt\/wp-json\/wp\/v2\/pages"}],"about":[{"href":"https:\/\/www.vialivre.pt\/pt-pt\/wp-json\/wp\/v2\/types\/page"}],"replies":[{"embeddable":true,"href":"https:\/\/www.vialivre.pt\/pt-pt\/wp-json\/wp\/v2\/comments?post=8002"}],"version-history":[{"count":14,"href":"https:\/\/www.vialivre.pt\/pt-pt\/wp-json\/wp\/v2\/pages\/8002\/revisions"}],"predecessor-version":[{"id":13272,"href":"https:\/\/www.vialivre.pt\/pt-pt\/wp-json\/wp\/v2\/pages\/8002\/revisions\/13272"}],"up":[{"embeddable":true,"href":"https:\/\/www.vialivre.pt\/pt-pt\/wp-json\/wp\/v2\/pages\/5958"}],"wp:attachment":[{"href":"https:\/\/www.vialivre.pt\/pt-pt\/wp-json\/wp\/v2\/media?parent=8002"}],"curies":[{"name":"wp","href":"https:\/\/api.w.org\/{rel}","templated":true}]}}